{"id":1693,"date":"2019-07-31T01:13:18","date_gmt":"2019-07-31T01:13:18","guid":{"rendered":"http:\/\/source.wpopal.com\/spker\/?page_id=1693"},"modified":"2022-01-13T09:03:25","modified_gmt":"2022-01-13T06:03:25","slug":"contact-us","status":"publish","type":"page","link":"https:\/\/www.directsellingexpo.org\/esp\/?page_id=1693","title":{"rendered":"CONT\u00c1CTANOS"},"content":{"rendered":"\t\t<div data-elementor-type=\"wp-post\" data-elementor-id=\"1693\" class=\"elementor elementor-1693\" data-elementor-settings=\"[]\">\n\t\t\t<div class=\"elementor-inner\">\n\t\t\t\t<div class=\"elementor-section-wrap\">\n\t\t\t\t\t\t\t<div class=\"elementor-element elementor-element-380ccda elementor-section-stretched elementor-section-full_width elementor-section-height-min-height elementor-hidden-desktop elementor-hidden-tablet elementor-hidden-phone elementor-section-height-default elementor-section-items-middle elementor-section elementor-top-section\" data-id=\"380ccda\" data-element_type=\"section\" data-settings=\"{&quot;stretch_section&quot;:&quot;section-stretched&quot;}\">\n\t\t\t\t\t\t<div class=\"elementor-container elementor-column-gap-no\">\n\t\t\t\t<div class=\"elementor-row\">\n\t\t\t\t<div class=\"elementor-element elementor-element-92aaaf8 elementor-column elementor-col-100 elementor-top-column\" data-id=\"92aaaf8\" data-element_type=\"column\">\n\t\t\t<div class=\"elementor-column-wrap  elementor-element-populated\">\n\t\t\t\t\t<div class=\"elementor-widget-wrap\">\n\t\t\t\t<div class=\"elementor-element elementor-element-37188c5 animated-fast elementor-invisible elementor-widget elementor-widget-google_maps\" data-id=\"37188c5\" data-element_type=\"widget\" data-settings=\"{&quot;_animation&quot;:&quot;opal-move-up&quot;,&quot;_animation_delay&quot;:100}\" data-widget_type=\"google_maps.default\">\n\t\t\t\t<div class=\"elementor-widget-container\">\n\t\t\t<div class=\"elementor-custom-embed\"><iframe frameborder=\"0\" scrolling=\"no\" marginheight=\"0\" marginwidth=\"0\" src=\"https:\/\/maps.google.com\/maps?q=London%20Eye%2C%20London%2C%20United%20Kingdom&amp;t=m&amp;z=9&amp;output=embed&amp;iwloc=near\" aria-label=\"London Eye, London, United Kingdom\"><\/iframe><\/div>\t\t<\/div>\n\t\t\t\t<\/div>\n\t\t\t\t\t\t<\/div>\n\t\t\t<\/div>\n\t\t<\/div>\n\t\t\t\t\t\t<\/div>\n\t\t\t<\/div>\n\t\t<\/div>\n\t\t\t\t<div class=\"elementor-element elementor-element-09666a0 animated-fast elementor-section-boxed elementor-section-height-default elementor-section-height-default elementor-invisible elementor-section elementor-top-section\" data-id=\"09666a0\" data-element_type=\"section\" data-settings=\"{&quot;animation&quot;:&quot;opal-move-up&quot;}\">\n\t\t\t\t\t\t<div class=\"elementor-container elementor-column-gap-no\">\n\t\t\t\t<div class=\"elementor-row\">\n\t\t\t\t<div class=\"elementor-element elementor-element-8d16603 elementor-column elementor-col-100 elementor-top-column\" data-id=\"8d16603\" data-element_type=\"column\" data-settings=\"{&quot;background_background&quot;:&quot;classic&quot;}\">\n\t\t\t<div class=\"elementor-column-wrap  elementor-element-populated\">\n\t\t\t\t\t<div class=\"elementor-widget-wrap\">\n\t\t\t\t<div class=\"elementor-element elementor-element-333154c animated-fast elementor-invisible elementor-widget elementor-widget-heading\" data-id=\"333154c\" data-element_type=\"widget\" data-settings=\"{&quot;_animation&quot;:&quot;opal-move-up&quot;}\" data-widget_type=\"heading.default\">\n\t\t\t\t<div class=\"elementor-widget-container\">\n\t\t\t<div class=\"heading-decor\"><svg version=\"1.1\" xmlns=\"http:\/\/www.w3.org\/2000\/svg\" x=\"0\" y=\"0\" viewBox=\"0 0 35.3 16\" xml:space=\"preserve\"><g class=\"nc-icon-wrapper\" stroke=\"none\"><path fill-rule=\"evenodd\" clip-rule=\"evenodd\" d=\"M2.7 0C1.2 0 0 1.2 0 2.7c0 1.5 1.2 2.7 2.7 2.7 1.5 0 2.7-1.2 2.7-2.7C5.3 1.2 4.1 0 2.7 0zm0 10.7c-1.5 0-2.7 1.2-2.7 2.7C0 14.8 1.2 16 2.7 16c1.5 0 2.7-1.2 2.7-2.7-.1-1.4-1.3-2.6-2.7-2.6zM12.7 0C11.2 0 10 1.2 10 2.7c0 1.5 1.2 2.7 2.7 2.7 1.5 0 2.7-1.2 2.7-2.7-.1-1.5-1.3-2.7-2.7-2.7zm0 10.7c-1.5 0-2.7 1.2-2.7 2.7 0 1.5 1.2 2.7 2.7 2.7 1.5 0 2.7-1.2 2.7-2.7-.1-1.5-1.3-2.7-2.7-2.7zM22.7 0C21.2 0 20 1.2 20 2.7c0 1.5 1.2 2.7 2.7 2.7s2.7-1.2 2.7-2.7C25.3 1.2 24.1 0 22.7 0zm0 10.7c-1.5 0-2.7 1.2-2.7 2.7 0 1.5 1.2 2.7 2.7 2.7s2.7-1.2 2.7-2.7c-.1-1.5-1.3-2.7-2.7-2.7zm10-5.4c1.5 0 2.7-1.2 2.7-2.7 0-1.5-1.2-2.7-2.7-2.7C31.2 0 30 1.2 30 2.7c0 1.4 1.2 2.6 2.7 2.6zm0 5.4c-1.5 0-2.7 1.2-2.7 2.7 0 1.5 1.2 2.7 2.7 2.7 1.5 0 2.7-1.2 2.7-2.7-.1-1.5-1.3-2.7-2.7-2.7z\"\/><\/g><\/svg><\/div><h2 class=\"elementor-heading-title elementor-size-default\">WRITE US<\/h2>\t\t<\/div>\n\t\t\t\t<\/div>\n\t\t\t\t<div class=\"elementor-element elementor-element-e43035c elementor-wpcf7-button-xl elementor-align-justify elementor-wpcf7-button-primary_gradient elementor-widget elementor-widget-opal-contactform7\" data-id=\"e43035c\" data-element_type=\"widget\" data-widget_type=\"opal-contactform7.default\">\n\t\t\t\t<div class=\"elementor-widget-container\">\n\t\t\t<div role=\"form\" class=\"wpcf7\" id=\"wpcf7-f2307-o1\" lang=\"en-US\" dir=\"ltr\">\n<div class=\"screen-reader-response\"><p role=\"status\" aria-live=\"polite\" aria-atomic=\"true\"><\/p> <ul><\/ul><\/div>\n<form action=\"\/esp\/index.php?rest_route=%2Fwp%2Fv2%2Fpages%2F1693#wpcf7-f2307-o1\" method=\"post\" class=\"wpcf7-form init\" novalidate=\"novalidate\" data-status=\"init\">\n<div style=\"display: none;\">\n<input type=\"hidden\" name=\"_wpcf7\" value=\"2307\" \/>\n<input type=\"hidden\" name=\"_wpcf7_version\" value=\"5.4\" \/>\n<input type=\"hidden\" name=\"_wpcf7_locale\" value=\"en_US\" \/>\n<input type=\"hidden\" name=\"_wpcf7_unit_tag\" value=\"wpcf7-f2307-o1\" \/>\n<input type=\"hidden\" name=\"_wpcf7_container_post\" value=\"0\" \/>\n<input type=\"hidden\" name=\"_wpcf7_posted_data_hash\" value=\"\" \/>\n<\/div>\n<div class=\"row\">\n<div class=\"col-md-6 col-sm-12\">\n<div class=\"mb-4\">\n<span class=\"wpcf7-form-control-wrap text-338\"><input type=\"text\" name=\"text-338\" value=\"\" size=\"40\" class=\"wpcf7-form-control wpcf7-text wpcf7-validates-as-required\" id=\"form-name\" aria-required=\"true\" aria-invalid=\"false\" placeholder=\"Tu nombre *\" \/><\/span>\n<\/div>\n<\/div>\n<div class=\"col-md-6 col-sm-12\">\n<div class=\"mb-4\">\n<span class=\"wpcf7-form-control-wrap email-105\"><input type=\"email\" name=\"email-105\" value=\"\" size=\"40\" class=\"wpcf7-form-control wpcf7-text wpcf7-email wpcf7-validates-as-required wpcf7-validates-as-email\" id=\"form-email\" aria-required=\"true\" aria-invalid=\"false\" placeholder=\"Correo electr\u00f3nico *\" \/><\/span>\n<\/div>\n<\/div>\n<\/div>\n<div class=\"mb-4\">\n<span class=\"wpcf7-form-control-wrap text-755\"><input type=\"text\" name=\"text-755\" value=\"\" size=\"40\" class=\"wpcf7-form-control wpcf7-text wpcf7-validates-as-required\" aria-required=\"true\" aria-invalid=\"false\" placeholder=\"N\u00famero de tel\u00e9fono *\" \/><\/span>\n<\/div>\n<div class=\"mb-4\">\n<span class=\"wpcf7-form-control-wrap textarea-580\"><textarea name=\"textarea-580\" cols=\"40\" rows=\"5\" class=\"wpcf7-form-control wpcf7-textarea wpcf7-validates-as-required\" aria-required=\"true\" aria-invalid=\"false\">Tu mensaje *<\/textarea><\/span>\n<\/div>\n<p><button type=\"submit\" value=\"Submit\"><span>ENVIAR MENSAJE<\/span><\/button><\/p>\n<div class=\"wpcf7-response-output\" aria-hidden=\"true\"><\/div><\/form><\/div>\t\t<\/div>\n\t\t\t\t<\/div>\n\t\t\t\t\t\t<\/div>\n\t\t\t<\/div>\n\t\t<\/div>\n\t\t\t\t\t\t<\/div>\n\t\t\t<\/div>\n\t\t<\/div>\n\t\t\t\t<div class=\"elementor-element elementor-element-bd9f087 elementor-section-stretched elementor-section-content-top elementor-section-boxed elementor-section-height-default elementor-section-height-default elementor-section elementor-top-section\" data-id=\"bd9f087\" data-element_type=\"section\" data-settings=\"{&quot;stretch_section&quot;:&quot;section-stretched&quot;}\">\n\t\t\t\t\t\t<div class=\"elementor-container elementor-column-gap-no\">\n\t\t\t\t<div class=\"elementor-row\">\n\t\t\t\t<div class=\"elementor-element elementor-element-6d7d41b animated-fast elementor-invisible elementor-column elementor-col-20 elementor-top-column\" data-id=\"6d7d41b\" data-element_type=\"column\" data-settings=\"{&quot;animation&quot;:&quot;opal-move-up&quot;,&quot;animation_delay&quot;:100}\">\n\t\t\t<div class=\"elementor-column-wrap  elementor-element-populated\">\n\t\t\t\t\t<div class=\"elementor-widget-wrap\">\n\t\t\t\t<div class=\"elementor-element elementor-element-58fe9cf elementor-view-default elementor-position-top icon-box-default elementor-vertical-align-top elementor-widget elementor-widget-icon-box\" data-id=\"58fe9cf\" data-element_type=\"widget\" data-widget_type=\"icon-box.default\">\n\t\t\t\t<div class=\"elementor-widget-container\">\n\t\t\t        <div class=\"elementor-icon-box-wrapper\">\n                    <div class=\"elementor-icon-box-icon\">\n            <span class=\"elementor-icon elementor-animation-\" >\n            <i class=\"opal-icon-email\" aria-hidden=\"true\"><\/i>\n            <\/span>\n            <\/div>\n                <div class=\"elementor-icon-box-content\">\n            <h3 class=\"elementor-icon-box-title\">\n                <span >detalles de direcci\u00f3n <\/span>\n            <\/h3>\n            <p class=\"elementor-icon-box-description\">NAHSAN SIMSEK FOR PROJECT MANAGEMENT SERVICES<\/br>\nHamsah A, 3rd floor, Al Karama, Dubai, UAE<\/p>\n            <\/div>\n        <\/div>\n        \t\t<\/div>\n\t\t\t\t<\/div>\n\t\t\t\t\t\t<\/div>\n\t\t\t<\/div>\n\t\t<\/div>\n\t\t\t\t<div class=\"elementor-element elementor-element-5af80c6 elementor-column elementor-col-20 elementor-top-column\" data-id=\"5af80c6\" data-element_type=\"column\">\n\t\t\t<div class=\"elementor-column-wrap  elementor-element-populated\">\n\t\t\t\t\t<div class=\"elementor-widget-wrap\">\n\t\t\t\t<div class=\"elementor-element elementor-element-cb02a5c animated-fast elementor-invisible elementor-widget elementor-widget-divider\" data-id=\"cb02a5c\" data-element_type=\"widget\" data-settings=\"{&quot;_animation&quot;:&quot;opal-move-up&quot;,&quot;_animation_delay&quot;:200}\" data-widget_type=\"divider.default\">\n\t\t\t\t<div class=\"elementor-widget-container\">\n\t\t\t\t\t<div class=\"elementor-divider\">\n\t\t\t<span class=\"elementor-divider-separator\">\n\t\t\t\t\t\t<\/span>\n\t\t<\/div>\n\t\t\t\t<\/div>\n\t\t\t\t<\/div>\n\t\t\t\t\t\t<\/div>\n\t\t\t<\/div>\n\t\t<\/div>\n\t\t\t\t<div class=\"elementor-element elementor-element-33e4299 animated-fast elementor-invisible elementor-column elementor-col-20 elementor-top-column\" data-id=\"33e4299\" data-element_type=\"column\" data-settings=\"{&quot;animation&quot;:&quot;opal-move-up&quot;,&quot;animation_delay&quot;:300}\">\n\t\t\t<div class=\"elementor-column-wrap  elementor-element-populated\">\n\t\t\t\t\t<div class=\"elementor-widget-wrap\">\n\t\t\t\t<div class=\"elementor-element elementor-element-bc5ce08 elementor-view-default elementor-position-top icon-box-default elementor-vertical-align-top elementor-widget elementor-widget-icon-box\" data-id=\"bc5ce08\" data-element_type=\"widget\" data-widget_type=\"icon-box.default\">\n\t\t\t\t<div class=\"elementor-widget-container\">\n\t\t\t        <div class=\"elementor-icon-box-wrapper\">\n                    <div class=\"elementor-icon-box-icon\">\n            <span class=\"elementor-icon elementor-animation-\" >\n            <i class=\"opal-icon-envelope\" aria-hidden=\"true\"><\/i>\n            <\/span>\n            <\/div>\n                <div class=\"elementor-icon-box-content\">\n            <h3 class=\"elementor-icon-box-title\">\n                <span >Env\u00edenos un correo electr\u00f3nico <\/span>\n            <\/h3>\n            <p class=\"elementor-icon-box-description\">CONTACT@DIRECTSELLINGEXPO.ORG<\/p>\n            <\/div>\n        <\/div>\n        \t\t<\/div>\n\t\t\t\t<\/div>\n\t\t\t\t\t\t<\/div>\n\t\t\t<\/div>\n\t\t<\/div>\n\t\t\t\t<div class=\"elementor-element elementor-element-73061df animated-fast elementor-invisible elementor-column elementor-col-20 elementor-top-column\" data-id=\"73061df\" data-element_type=\"column\" data-settings=\"{&quot;animation&quot;:&quot;opal-move-up&quot;,&quot;animation_delay&quot;:400}\">\n\t\t\t<div class=\"elementor-column-wrap  elementor-element-populated\">\n\t\t\t\t\t<div class=\"elementor-widget-wrap\">\n\t\t\t\t<div class=\"elementor-element elementor-element-77566fa elementor-widget elementor-widget-divider\" data-id=\"77566fa\" data-element_type=\"widget\" data-widget_type=\"divider.default\">\n\t\t\t\t<div class=\"elementor-widget-container\">\n\t\t\t\t\t<div class=\"elementor-divider\">\n\t\t\t<span class=\"elementor-divider-separator\">\n\t\t\t\t\t\t<\/span>\n\t\t<\/div>\n\t\t\t\t<\/div>\n\t\t\t\t<\/div>\n\t\t\t\t\t\t<\/div>\n\t\t\t<\/div>\n\t\t<\/div>\n\t\t\t\t<div class=\"elementor-element elementor-element-2a675c8 animated-fast elementor-invisible elementor-column elementor-col-20 elementor-top-column\" data-id=\"2a675c8\" data-element_type=\"column\" data-settings=\"{&quot;animation&quot;:&quot;opal-move-up&quot;,&quot;animation_delay&quot;:500}\">\n\t\t\t<div class=\"elementor-column-wrap  elementor-element-populated\">\n\t\t\t\t\t<div class=\"elementor-widget-wrap\">\n\t\t\t\t<div class=\"elementor-element elementor-element-1fa0ce1 elementor-view-default elementor-position-top icon-box-default elementor-vertical-align-top elementor-widget elementor-widget-icon-box\" data-id=\"1fa0ce1\" data-element_type=\"widget\" data-widget_type=\"icon-box.default\">\n\t\t\t\t<div class=\"elementor-widget-container\">\n\t\t\t        <div class=\"elementor-icon-box-wrapper\">\n                    <div class=\"elementor-icon-box-icon\">\n            <span class=\"elementor-icon elementor-animation-\" >\n            <i class=\"fa fa-drivers-license-o\" aria-hidden=\"true\"><\/i>\n            <\/span>\n            <\/div>\n                <div class=\"elementor-icon-box-content\">\n            <h3 class=\"elementor-icon-box-title\">\n                <span >N\u00famero de licencia <\/span>\n            <\/h3>\n            <p class=\"elementor-icon-box-description\">1003199<\/p>\n            <\/div>\n        <\/div>\n        \t\t<\/div>\n\t\t\t\t<\/div>\n\t\t\t\t\t\t<\/div>\n\t\t\t<\/div>\n\t\t<\/div>\n\t\t\t\t\t\t<\/div>\n\t\t\t<\/div>\n\t\t<\/div>\n\t\t\t\t\t\t<\/div>\n\t\t\t<\/div>\n\t\t<\/div>\n\t\t","protected":false},"excerpt":{"rendered":"<p>WRITE US Tu mensaje * ENVIAR MENSAJE detalles de direcci\u00f3n NAHSAN SIMSEK FOR PROJECT MANAGEMENT SERVICES Hamsah A, 3rd floor, Al Karama, Dubai, UAE Env\u00edenos un correo electr\u00f3nico CONTACT@DIRECTSELLINGEXPO.ORG N\u00famero de licencia 1003199<\/p>\n","protected":false},"author":8,"featured_media":0,"parent":0,"menu_order":0,"comment_status":"closed","ping_status":"closed","template":"page-elementor.php","meta":[],"_links":{"self":[{"href":"https:\/\/www.directsellingexpo.org\/esp\/index.php?rest_route=\/wp\/v2\/pages\/1693"}],"collection":[{"href":"https:\/\/www.directsellingexpo.org\/esp\/index.php?rest_route=\/wp\/v2\/pages"}],"about":[{"href":"https:\/\/www.directsellingexpo.org\/esp\/index.php?rest_route=\/wp\/v2\/types\/page"}],"author":[{"embeddable":true,"href":"https:\/\/www.directsellingexpo.org\/esp\/index.php?rest_route=\/wp\/v2\/users\/8"}],"replies":[{"embeddable":true,"href":"https:\/\/www.directsellingexpo.org\/esp\/index.php?rest_route=%2Fwp%2Fv2%2Fcomments&post=1693"}],"version-history":[{"count":6,"href":"https:\/\/www.directsellingexpo.org\/esp\/index.php?rest_route=\/wp\/v2\/pages\/1693\/revisions"}],"predecessor-version":[{"id":2601,"href":"https:\/\/www.directsellingexpo.org\/esp\/index.php?rest_route=\/wp\/v2\/pages\/1693\/revisions\/2601"}],"wp:attachment":[{"href":"https:\/\/www.directsellingexpo.org\/esp\/index.php?rest_route=%2Fwp%2Fv2%2Fmedia&parent=1693"}],"curies":[{"name":"wp","href":"https:\/\/api.w.org\/{rel}","templated":true}]}}