{"id":2443,"date":"2021-05-01T18:56:01","date_gmt":"2021-05-01T15:56:01","guid":{"rendered":"http:\/\/www.directsellingexpo.org\/?page_id=2443"},"modified":"2021-06-01T09:54:45","modified_gmt":"2021-06-01T06:54:45","slug":"international-trainer-meetings","status":"publish","type":"page","link":"https:\/\/www.directsellingexpo.org\/esp\/?page_id=2443","title":{"rendered":"ENCUENTROS INTERNACIONALES DE FORMADORES"},"content":{"rendered":"\t\t<div data-elementor-type=\"wp-page\" data-elementor-id=\"2443\" class=\"elementor elementor-2443\" data-elementor-settings=\"[]\">\n\t\t\t<div class=\"elementor-inner\">\n\t\t\t\t<div class=\"elementor-section-wrap\">\n\t\t\t\t\t\t\t<section class=\"elementor-element elementor-element-5a90bde elementor-section-boxed elementor-section-height-default elementor-section-height-default elementor-section elementor-top-section\" data-id=\"5a90bde\" data-element_type=\"section\">\n\t\t\t\t\t\t<div class=\"elementor-container elementor-column-gap-default\">\n\t\t\t\t<div class=\"elementor-row\">\n\t\t\t\t<div class=\"elementor-element elementor-element-a104e0b elementor-column elementor-col-100 elementor-top-column\" data-id=\"a104e0b\" data-element_type=\"column\">\n\t\t\t<div class=\"elementor-column-wrap  elementor-element-populated\">\n\t\t\t\t\t<div class=\"elementor-widget-wrap\">\n\t\t\t\t<div class=\"elementor-element elementor-element-ddd6e24 elementor-widget elementor-widget-text-editor\" data-id=\"ddd6e24\" data-element_type=\"widget\" data-widget_type=\"text-editor.default\">\n\t\t\t\t<div class=\"elementor-widget-container\">\n\t\t\t        <div class=\"elementor-text-editor elementor-clearfix\"><p>Te reunimos con formadores profesionales de renombre de todo el mundo, expertos en ventas y marketing que han demostrado sus conocimientos y aptitudes en el \u00e1mbito internacional. A trav\u00e9s de ponentes cualificados y l\u00edderes representativos experimentados de todo el mundo, se proporciona informaci\u00f3n sobre el funcionamiento de la venta directa a nivel global y local, se comparten m\u00e9todos y experiencias. En los paneles organizados como formaciones presenciales y formaciones digitales de venta-marketing, se comparte informaci\u00f3n profesional relacionada con tu proceso de constituci\u00f3n, mejora y crecimiento de tu empresa de venta directa. El evento, que promete pasar un rato agradable con presentaciones fluidas de expertos en la materia, se celebra en formatos de sesi\u00f3n como seminarios, simposios, conferencias y talleres.<\/p><\/div>\n        \t\t<\/div>\n\t\t\t\t<\/div>\n\t\t\t\t\t\t<\/div>\n\t\t\t<\/div>\n\t\t<\/div>\n\t\t\t\t\t\t<\/div>\n\t\t\t<\/div>\n\t\t<\/section>\n\t\t\t\t\t\t<\/div>\n\t\t\t<\/div>\n\t\t<\/div>\n\t\t","protected":false},"excerpt":{"rendered":"<p>Te reunimos con formadores profesionales de renombre de todo el mundo, expertos en ventas y marketing que han demostrado sus conocimientos y aptitudes en el \u00e1mbito internacional. A trav\u00e9s de ponentes cualificados y l\u00edderes representativos experimentados de todo el mundo, se proporciona informaci\u00f3n sobre el funcionamiento de la venta directa a nivel global y local, &hellip; <span class=\"more-link-wrap\"><a href=\"https:\/\/www.directsellingexpo.org\/esp\/?page_id=2443\" class=\"more-link\">Read More <span class=\"screen-reader-text\"> &#8220;ENCUENTROS INTERNACIONALES DE FORMADORES&#8221;<\/span><\/a><\/span><\/p>\n","protected":false},"author":8,"featured_media":0,"parent":0,"menu_order":0,"comment_status":"closed","ping_status":"closed","template":"","meta":[],"_links":{"self":[{"href":"https:\/\/www.directsellingexpo.org\/esp\/index.php?rest_route=\/wp\/v2\/pages\/2443"}],"collection":[{"href":"https:\/\/www.directsellingexpo.org\/esp\/index.php?rest_route=\/wp\/v2\/pages"}],"about":[{"href":"https:\/\/www.directsellingexpo.org\/esp\/index.php?rest_route=\/wp\/v2\/types\/page"}],"author":[{"embeddable":true,"href":"https:\/\/www.directsellingexpo.org\/esp\/index.php?rest_route=\/wp\/v2\/users\/8"}],"replies":[{"embeddable":true,"href":"https:\/\/www.directsellingexpo.org\/esp\/index.php?rest_route=%2Fwp%2Fv2%2Fcomments&post=2443"}],"version-history":[{"count":6,"href":"https:\/\/www.directsellingexpo.org\/esp\/index.php?rest_route=\/wp\/v2\/pages\/2443\/revisions"}],"predecessor-version":[{"id":2541,"href":"https:\/\/www.directsellingexpo.org\/esp\/index.php?rest_route=\/wp\/v2\/pages\/2443\/revisions\/2541"}],"wp:attachment":[{"href":"https:\/\/www.directsellingexpo.org\/esp\/index.php?rest_route=%2Fwp%2Fv2%2Fmedia&parent=2443"}],"curies":[{"name":"wp","href":"https:\/\/api.w.org\/{rel}","templated":true}]}}