{"id":2444,"date":"2021-05-01T18:56:22","date_gmt":"2021-05-01T15:56:22","guid":{"rendered":"http:\/\/www.directsellingexpo.org\/?page_id=2444"},"modified":"2021-06-01T09:58:56","modified_gmt":"2021-06-01T06:58:56","slug":"company-establishment-services","status":"publish","type":"page","link":"https:\/\/www.directsellingexpo.org\/esp\/?page_id=2444","title":{"rendered":"SERVICIOS DE CREACI\u00d3N DE EMPRESAS"},"content":{"rendered":"\t\t<div data-elementor-type=\"wp-page\" data-elementor-id=\"2444\" class=\"elementor elementor-2444\" data-elementor-settings=\"[]\">\n\t\t\t<div class=\"elementor-inner\">\n\t\t\t\t<div class=\"elementor-section-wrap\">\n\t\t\t\t\t\t\t<section class=\"elementor-element elementor-element-e8f34d6 elementor-section-boxed elementor-section-height-default elementor-section-height-default elementor-section elementor-top-section\" data-id=\"e8f34d6\" data-element_type=\"section\">\n\t\t\t\t\t\t<div class=\"elementor-container elementor-column-gap-default\">\n\t\t\t\t<div class=\"elementor-row\">\n\t\t\t\t<div class=\"elementor-element elementor-element-26824c2 elementor-column elementor-col-100 elementor-top-column\" data-id=\"26824c2\" data-element_type=\"column\">\n\t\t\t<div class=\"elementor-column-wrap  elementor-element-populated\">\n\t\t\t\t\t<div class=\"elementor-widget-wrap\">\n\t\t\t\t<div class=\"elementor-element elementor-element-caf5a20 elementor-widget elementor-widget-text-editor\" data-id=\"caf5a20\" data-element_type=\"widget\" data-widget_type=\"text-editor.default\">\n\t\t\t\t<div class=\"elementor-widget-container\">\n\t\t\t        <div class=\"elementor-text-editor elementor-clearfix\"><p>Aliviamos tu carga en los procesos de crecimiento de tu negocio con nuestros servicios de creaci\u00f3n de empresas que proporcionan la m\u00e1xima optimizaci\u00f3n del presupuesto y un modo de trabajo orientado a la comodidad. Te proporcionamos todos los servicios necesarios, desde la integraci\u00f3n de sistemas hasta la instalaci\u00f3n de infraestructuras tecnol\u00f3gicas y herramientas para aumentar la visibilidad de la marca.<\/p><p>Alcance de nuestros servicios de creaci\u00f3n de empresas:<\/p><h3><span style=\"color: #fd4c66;\">&#8211; INSTALACI\u00d3N DE INFRAESTRUCTURA TECNOL\u00d3GICA:<\/span><\/h3><p>Dise\u00f1amos \u00e1reas en las que puedas realizar tu trabajo y tus reuniones sin interrupciones. Preparamos un entorno de oficina compuesto por una infraestructura t\u00e9cnica sostenible, sistemas de nueva generaci\u00f3n y equipos modernos.<\/p><h3><span style=\"color: #fd4c66;\">&#8211; INSTALACI\u00d3N DE LA OFICINA:<\/span><\/h3><p>Te ofrecemos un modelo de servicio &#8220;llave en mano&#8221;, creando en poco tiempo una disposici\u00f3n de oficina en cualquier lugar y con las caracter\u00edsticas que desees. Podr\u00e1s disfrutar del privilegio de trabajar en unas oficinas lujosas y c\u00f3modas, enfocadas a aumentar tu productividad, satisfaciendo las exigencias de tu puesto de trabajo a un alto nivel, enriquecidas con objetos funcionales y decorativos.<\/p><h3><span style=\"color: #fd4c66;\">&#8211; SERVICIOS DE CONSULTOR\u00cdA Y FORMACI\u00d3N EN GESTI\u00d3N:<\/span><\/h3><p>Proporcionamos servicios de consultor\u00eda, apoyo y formaci\u00f3n a trav\u00e9s de nuestro equipo de profesionales para optimizar el tiempo, la mano de obra y el presupuesto y proporcionar soluciones correctivas dignas de tu visi\u00f3n de marca y para aumentar tu productividad.<\/p><h3><span style=\"color: #fd4c66;\">&#8211; SERVICIOS DE MARKETING DIGITAL:<\/span><\/h3><p>Nos centramos en aprovechar el poder de internet para aumentar la visibilidad de tu negocio a nivel de sector frente a clientes actuales y potenciales. Anunciamos y promocionamos tu marca, productos y servicios online con nuestro equipo tecnol\u00f3gico y herramientas de marketing digital.<\/p><h3><span style=\"color: #fd4c66;\">&#8211; CONSTRUIMOS TU SITIO WEB:<\/span><\/h3><p>Construimos tu p\u00e1gina web en tu nombre de una forma integral que aumentar\u00e1 la fiabilidad de tu marca y reforzar\u00e1 tu imagen corporativa. En el dise\u00f1o del sitio web, que ofrece acceso a clientes de todo el mundo, consideramos tus expectativas personales y tenemos en cuenta todos los detalles, incluida la interfaz comprensible y la interacci\u00f3n con el cliente.<\/p><\/div>\n        \t\t<\/div>\n\t\t\t\t<\/div>\n\t\t\t\t\t\t<\/div>\n\t\t\t<\/div>\n\t\t<\/div>\n\t\t\t\t\t\t<\/div>\n\t\t\t<\/div>\n\t\t<\/section>\n\t\t\t\t\t\t<\/div>\n\t\t\t<\/div>\n\t\t<\/div>\n\t\t","protected":false},"excerpt":{"rendered":"<p>Aliviamos tu carga en los procesos de crecimiento de tu negocio con nuestros servicios de creaci\u00f3n de empresas que proporcionan la m\u00e1xima optimizaci\u00f3n del presupuesto y un modo de trabajo orientado a la comodidad. Te proporcionamos todos los servicios necesarios, desde la integraci\u00f3n de sistemas hasta la instalaci\u00f3n de infraestructuras tecnol\u00f3gicas y herramientas para aumentar &hellip; <span class=\"more-link-wrap\"><a href=\"https:\/\/www.directsellingexpo.org\/esp\/?page_id=2444\" class=\"more-link\">Read More <span class=\"screen-reader-text\"> &#8220;SERVICIOS DE CREACI\u00d3N DE EMPRESAS&#8221;<\/span><\/a><\/span><\/p>\n","protected":false},"author":8,"featured_media":0,"parent":0,"menu_order":0,"comment_status":"closed","ping_status":"closed","template":"","meta":[],"_links":{"self":[{"href":"https:\/\/www.directsellingexpo.org\/esp\/index.php?rest_route=\/wp\/v2\/pages\/2444"}],"collection":[{"href":"https:\/\/www.directsellingexpo.org\/esp\/index.php?rest_route=\/wp\/v2\/pages"}],"about":[{"href":"https:\/\/www.directsellingexpo.org\/esp\/index.php?rest_route=\/wp\/v2\/types\/page"}],"author":[{"embeddable":true,"href":"https:\/\/www.directsellingexpo.org\/esp\/index.php?rest_route=\/wp\/v2\/users\/8"}],"replies":[{"embeddable":true,"href":"https:\/\/www.directsellingexpo.org\/esp\/index.php?rest_route=%2Fwp%2Fv2%2Fcomments&post=2444"}],"version-history":[{"count":10,"href":"https:\/\/www.directsellingexpo.org\/esp\/index.php?rest_route=\/wp\/v2\/pages\/2444\/revisions"}],"predecessor-version":[{"id":2543,"href":"https:\/\/www.directsellingexpo.org\/esp\/index.php?rest_route=\/wp\/v2\/pages\/2444\/revisions\/2543"}],"wp:attachment":[{"href":"https:\/\/www.directsellingexpo.org\/esp\/index.php?rest_route=%2Fwp%2Fv2%2Fmedia&parent=2444"}],"curies":[{"name":"wp","href":"https:\/\/api.w.org\/{rel}","templated":true}]}}