{"id":2445,"date":"2021-05-01T18:56:33","date_gmt":"2021-05-01T15:56:33","guid":{"rendered":"http:\/\/www.directsellingexpo.org\/?page_id=2445"},"modified":"2021-06-01T09:59:47","modified_gmt":"2021-06-01T06:59:47","slug":"import-permits","status":"publish","type":"page","link":"https:\/\/www.directsellingexpo.org\/esp\/?page_id=2445","title":{"rendered":"PERMISOS DE IMPORTACI\u00d3N"},"content":{"rendered":"\t\t<div data-elementor-type=\"wp-page\" data-elementor-id=\"2445\" class=\"elementor elementor-2445\" data-elementor-settings=\"[]\">\n\t\t\t<div class=\"elementor-inner\">\n\t\t\t\t<div class=\"elementor-section-wrap\">\n\t\t\t\t\t\t\t<section class=\"elementor-element elementor-element-fffa33b elementor-section-boxed elementor-section-height-default elementor-section-height-default elementor-section elementor-top-section\" data-id=\"fffa33b\" data-element_type=\"section\">\n\t\t\t\t\t\t<div class=\"elementor-container elementor-column-gap-default\">\n\t\t\t\t<div class=\"elementor-row\">\n\t\t\t\t<div class=\"elementor-element elementor-element-4d11316 elementor-column elementor-col-100 elementor-top-column\" data-id=\"4d11316\" data-element_type=\"column\">\n\t\t\t<div class=\"elementor-column-wrap  elementor-element-populated\">\n\t\t\t\t\t<div class=\"elementor-widget-wrap\">\n\t\t\t\t<div class=\"elementor-element elementor-element-849fb46 elementor-widget elementor-widget-text-editor\" data-id=\"849fb46\" data-element_type=\"widget\" data-widget_type=\"text-editor.default\">\n\t\t\t\t<div class=\"elementor-widget-container\">\n\t\t\t        <div class=\"elementor-text-editor elementor-clearfix\"><p>Como parte de la entrada en un mercado espec\u00edfico de tus productos fabricados, te proporcionamos tanto servicios de consultor\u00eda en procesos legales como la gesti\u00f3n de los procesos de permisos en tu nombre. Para los que quieran vender productos fabricados en el extranjero o deseen abastecerse desde el extranjero para venderlos en cualquier mercado de su elecci\u00f3n, ofrecemos el servicio de obtenci\u00f3n de permisos de importaci\u00f3n. Llevamos a cabo todos los procesos con cuidado a fin de realizar las importaciones sin interrupci\u00f3n y a tiempo y evitar cualquier problema en las aduanas. Despu\u00e9s de que nos proporciones informaci\u00f3n sobre las mercanc\u00edas que pretendes importar, hacemos las revisiones y gestiones necesarias y te informamos de la situaci\u00f3n actual. Con nuestro servicio de permisos de importaci\u00f3n, no tienes que averiguar el proceso de obtenci\u00f3n de permisos seg\u00fan la legislaci\u00f3n vigente, que puede variar seg\u00fan el tipo y la naturaleza del producto, ni ocuparte de estos procesos en detalle a trav\u00e9s de los ministerios correspondientes.<\/p><\/div>\n        \t\t<\/div>\n\t\t\t\t<\/div>\n\t\t\t\t\t\t<\/div>\n\t\t\t<\/div>\n\t\t<\/div>\n\t\t\t\t\t\t<\/div>\n\t\t\t<\/div>\n\t\t<\/section>\n\t\t\t\t\t\t<\/div>\n\t\t\t<\/div>\n\t\t<\/div>\n\t\t","protected":false},"excerpt":{"rendered":"<p>Como parte de la entrada en un mercado espec\u00edfico de tus productos fabricados, te proporcionamos tanto servicios de consultor\u00eda en procesos legales como la gesti\u00f3n de los procesos de permisos en tu nombre. Para los que quieran vender productos fabricados en el extranjero o deseen abastecerse desde el extranjero para venderlos en cualquier mercado de &hellip; <span class=\"more-link-wrap\"><a href=\"https:\/\/www.directsellingexpo.org\/esp\/?page_id=2445\" class=\"more-link\">Read More <span class=\"screen-reader-text\"> &#8220;PERMISOS DE IMPORTACI\u00d3N&#8221;<\/span><\/a><\/span><\/p>\n","protected":false},"author":8,"featured_media":0,"parent":0,"menu_order":0,"comment_status":"closed","ping_status":"closed","template":"","meta":[],"_links":{"self":[{"href":"https:\/\/www.directsellingexpo.org\/esp\/index.php?rest_route=\/wp\/v2\/pages\/2445"}],"collection":[{"href":"https:\/\/www.directsellingexpo.org\/esp\/index.php?rest_route=\/wp\/v2\/pages"}],"about":[{"href":"https:\/\/www.directsellingexpo.org\/esp\/index.php?rest_route=\/wp\/v2\/types\/page"}],"author":[{"embeddable":true,"href":"https:\/\/www.directsellingexpo.org\/esp\/index.php?rest_route=\/wp\/v2\/users\/8"}],"replies":[{"embeddable":true,"href":"https:\/\/www.directsellingexpo.org\/esp\/index.php?rest_route=%2Fwp%2Fv2%2Fcomments&post=2445"}],"version-history":[{"count":6,"href":"https:\/\/www.directsellingexpo.org\/esp\/index.php?rest_route=\/wp\/v2\/pages\/2445\/revisions"}],"predecessor-version":[{"id":2545,"href":"https:\/\/www.directsellingexpo.org\/esp\/index.php?rest_route=\/wp\/v2\/pages\/2445\/revisions\/2545"}],"wp:attachment":[{"href":"https:\/\/www.directsellingexpo.org\/esp\/index.php?rest_route=%2Fwp%2Fv2%2Fmedia&parent=2445"}],"curies":[{"name":"wp","href":"https:\/\/api.w.org\/{rel}","templated":true}]}}