{"id":2446,"date":"2021-05-01T18:56:57","date_gmt":"2021-05-01T15:56:57","guid":{"rendered":"http:\/\/www.directsellingexpo.org\/?page_id=2446"},"modified":"2021-06-01T10:00:45","modified_gmt":"2021-06-01T07:00:45","slug":"private-label-product-supply","status":"publish","type":"page","link":"https:\/\/www.directsellingexpo.org\/esp\/?page_id=2446","title":{"rendered":"SUMINISTRO DE PRODUCTOS DE MARCA PRIVADA"},"content":{"rendered":"\t\t<div data-elementor-type=\"wp-page\" data-elementor-id=\"2446\" class=\"elementor elementor-2446\" data-elementor-settings=\"[]\">\n\t\t\t<div class=\"elementor-inner\">\n\t\t\t\t<div class=\"elementor-section-wrap\">\n\t\t\t\t\t\t\t<section class=\"elementor-element elementor-element-2c8720d elementor-section-boxed elementor-section-height-default elementor-section-height-default elementor-section elementor-top-section\" data-id=\"2c8720d\" data-element_type=\"section\">\n\t\t\t\t\t\t<div class=\"elementor-container elementor-column-gap-default\">\n\t\t\t\t<div class=\"elementor-row\">\n\t\t\t\t<div class=\"elementor-element elementor-element-2ed1d93 elementor-column elementor-col-100 elementor-top-column\" data-id=\"2ed1d93\" data-element_type=\"column\">\n\t\t\t<div class=\"elementor-column-wrap  elementor-element-populated\">\n\t\t\t\t\t<div class=\"elementor-widget-wrap\">\n\t\t\t\t<div class=\"elementor-element elementor-element-0536c00 elementor-widget elementor-widget-text-editor\" data-id=\"0536c00\" data-element_type=\"widget\" data-widget_type=\"text-editor.default\">\n\t\t\t\t<div class=\"elementor-widget-container\">\n\t\t\t        <div class=\"elementor-text-editor elementor-clearfix\"><p>Con el modelo de Suministro de Marca Privada, facilitamos el trabajo de las empresas que quieren ampliar su red de productos y servicios y de los empresarios que quieren hacer realidad la idea de suministrar y vender productos con su propia marca. En conjunto, nos encargamos de la parte de producci\u00f3n de tu negocio, que has establecido con tu propia marca. Producimos los productos que quieres vender; hacemos que tus productos est\u00e9n totalmente listos para la venta con tu propia marca. Adem\u00e1s, realizamos el servicio de Marca Privada en todo el mundo.<\/p><p>Mientras t\u00fa gestionas las fases de marketing y desarrollo de los productos, nosotros nos encargamos de la parte de producci\u00f3n teniendo en cuenta tus expectativas y tu pol\u00edtica de marca. Con nuestros servicios de suministro de productos de marca privada, no tienes que ocuparte de procesos como la construcci\u00f3n de una f\u00e1brica, la contrataci\u00f3n de mano de obra y los equipos de operaciones. Como resultado de que los productos de tu marca est\u00e9n listos en la calidad, el formato y el plazo que deseas, la satisfacci\u00f3n de tus clientes y la fiabilidad de tu marca aumentan, mientras que los costes de tus productos disminuyen considerablemente.<\/p><\/div>\n        \t\t<\/div>\n\t\t\t\t<\/div>\n\t\t\t\t\t\t<\/div>\n\t\t\t<\/div>\n\t\t<\/div>\n\t\t\t\t\t\t<\/div>\n\t\t\t<\/div>\n\t\t<\/section>\n\t\t\t\t\t\t<\/div>\n\t\t\t<\/div>\n\t\t<\/div>\n\t\t","protected":false},"excerpt":{"rendered":"<p>Con el modelo de Suministro de Marca Privada, facilitamos el trabajo de las empresas que quieren ampliar su red de productos y servicios y de los empresarios que quieren hacer realidad la idea de suministrar y vender productos con su propia marca. En conjunto, nos encargamos de la parte de producci\u00f3n de tu negocio, que &hellip; <span class=\"more-link-wrap\"><a href=\"https:\/\/www.directsellingexpo.org\/esp\/?page_id=2446\" class=\"more-link\">Read More <span class=\"screen-reader-text\"> &#8220;SUMINISTRO DE PRODUCTOS DE MARCA PRIVADA&#8221;<\/span><\/a><\/span><\/p>\n","protected":false},"author":8,"featured_media":0,"parent":0,"menu_order":0,"comment_status":"closed","ping_status":"closed","template":"","meta":[],"_links":{"self":[{"href":"https:\/\/www.directsellingexpo.org\/esp\/index.php?rest_route=\/wp\/v2\/pages\/2446"}],"collection":[{"href":"https:\/\/www.directsellingexpo.org\/esp\/index.php?rest_route=\/wp\/v2\/pages"}],"about":[{"href":"https:\/\/www.directsellingexpo.org\/esp\/index.php?rest_route=\/wp\/v2\/types\/page"}],"author":[{"embeddable":true,"href":"https:\/\/www.directsellingexpo.org\/esp\/index.php?rest_route=\/wp\/v2\/users\/8"}],"replies":[{"embeddable":true,"href":"https:\/\/www.directsellingexpo.org\/esp\/index.php?rest_route=%2Fwp%2Fv2%2Fcomments&post=2446"}],"version-history":[{"count":6,"href":"https:\/\/www.directsellingexpo.org\/esp\/index.php?rest_route=\/wp\/v2\/pages\/2446\/revisions"}],"predecessor-version":[{"id":2547,"href":"https:\/\/www.directsellingexpo.org\/esp\/index.php?rest_route=\/wp\/v2\/pages\/2446\/revisions\/2547"}],"wp:attachment":[{"href":"https:\/\/www.directsellingexpo.org\/esp\/index.php?rest_route=%2Fwp%2Fv2%2Fmedia&parent=2446"}],"curies":[{"name":"wp","href":"https:\/\/api.w.org\/{rel}","templated":true}]}}