{"id":156,"date":"2019-07-24T08:37:02","date_gmt":"2019-07-24T08:37:02","guid":{"rendered":"http:\/\/source.wpopal.com\/spker\/?page_id=156"},"modified":"2019-07-24T08:37:02","modified_gmt":"2019-07-24T08:37:02","slug":"demo","status":"publish","type":"page","link":"https:\/\/www.directsellingexpo.org\/tr\/?page_id=156","title":{"rendered":"Demo"},"content":{"rendered":"\t\t<div data-elementor-type=\"wp-post\" data-elementor-id=\"156\" class=\"elementor elementor-156\" data-elementor-settings=\"[]\">\n\t\t\t<div class=\"elementor-inner\">\n\t\t\t\t<div class=\"elementor-section-wrap\">\n\t\t\t\t\t\t\t<div class=\"elementor-element elementor-element-853b290 elementor-section-boxed elementor-section-height-default elementor-section-height-default elementor-section elementor-top-section\" data-id=\"853b290\" data-element_type=\"section\">\n\t\t\t\t\t\t<div class=\"elementor-container elementor-column-gap-default\">\n\t\t\t\t<div class=\"elementor-row\">\n\t\t\t\t<div class=\"elementor-element elementor-element-6049815 elementor-column elementor-col-100 elementor-top-column\" data-id=\"6049815\" data-element_type=\"column\">\n\t\t\t<div class=\"elementor-column-wrap  elementor-element-populated\">\n\t\t\t\t\t<div class=\"elementor-widget-wrap\">\n\t\t\t\t<div class=\"elementor-element elementor-element-5db58d1 elementor-widget elementor-widget-opal-speakers\" data-id=\"5db58d1\" data-element_type=\"widget\" data-widget_type=\"opal-speakers.default\">\n\t\t\t\t<div class=\"elementor-widget-container\">\n\t\t\t\n        <div class=\"elementor-speaker-wrapper speaker-style-1\">\n            <div class=\"row isotope-grid\">\n\n                                \n<article class=\"column-item\">\n    <div class=\"speaker-item\">\n        <div class=\"speaker-image\">\n            <img width=\"515\" height=\"640\" src=\"https:\/\/www.directsellingexpo.org\/tr\/wp-content\/uploads\/2021\/06\/Tom_Sh.jpeg\" class=\"attachment-post-thumbnail size-post-thumbnail wp-post-image\" alt=\"\" loading=\"lazy\" srcset=\"https:\/\/www.directsellingexpo.org\/tr\/wp-content\/uploads\/2021\/06\/Tom_Sh.jpeg 515w, https:\/\/www.directsellingexpo.org\/tr\/wp-content\/uploads\/2021\/06\/Tom_Sh-241x300.jpeg 241w, https:\/\/www.directsellingexpo.org\/tr\/wp-content\/uploads\/2021\/06\/Tom_Sh-400x497.jpeg 400w\" sizes=\"(max-width: 515px) 100vw, 515px\" \/>            <a class=\"link-detail\" href=\"https:\/\/www.directsellingexpo.org\/tr\/?osf_speakers=speaker-1\"><\/a>\n        <\/div>\n        <div class=\"speaker-details\">\n            <h3 class=\"speaker-name\"><a href=\"https:\/\/www.directsellingexpo.org\/tr\/?osf_speakers=speaker-1\">Tom &#8220;Big Al&#8221; Schreiter<\/a><\/h3>\n            <div class=\"speaker-job\">Yazar & Konu\u015fmac\u0131<\/div>\n        <\/div>\n    <\/div>\n<\/article>\n\n\n<article class=\"column-item\">\n    <div class=\"speaker-item\">\n        <div class=\"speaker-image\">\n            <img width=\"423\" height=\"514\" src=\"https:\/\/www.directsellingexpo.org\/tr\/wp-content\/uploads\/2019\/07\/5fc00a6c234e053ae702e4bb_5dac3d0d06d0776eebe12f56_Wes.png\" class=\"attachment-post-thumbnail size-post-thumbnail wp-post-image\" alt=\"\" loading=\"lazy\" srcset=\"https:\/\/www.directsellingexpo.org\/tr\/wp-content\/uploads\/2019\/07\/5fc00a6c234e053ae702e4bb_5dac3d0d06d0776eebe12f56_Wes.png 423w, https:\/\/www.directsellingexpo.org\/tr\/wp-content\/uploads\/2019\/07\/5fc00a6c234e053ae702e4bb_5dac3d0d06d0776eebe12f56_Wes-247x300.png 247w, https:\/\/www.directsellingexpo.org\/tr\/wp-content\/uploads\/2019\/07\/5fc00a6c234e053ae702e4bb_5dac3d0d06d0776eebe12f56_Wes-400x486.png 400w\" sizes=\"(max-width: 423px) 100vw, 423px\" \/>            <a class=\"link-detail\" href=\"https:\/\/www.directsellingexpo.org\/tr\/?osf_speakers=speaker-2\"><\/a>\n        <\/div>\n        <div class=\"speaker-details\">\n            <h3 class=\"speaker-name\"><a href=\"https:\/\/www.directsellingexpo.org\/tr\/?osf_speakers=speaker-2\">Wes Linden<\/a><\/h3>\n            <div class=\"speaker-job\">Konu\u015fmac\u0131 & Yazar<\/div>\n        <\/div>\n    <\/div>\n<\/article>\n\n\n<article class=\"column-item\">\n    <div class=\"speaker-item\">\n        <div class=\"speaker-image\">\n            <img width=\"976\" height=\"1237\" src=\"https:\/\/www.directsellingexpo.org\/tr\/wp-content\/uploads\/2019\/07\/5fc00a82c77a4a05f764a41f_5ba7e74c2756cb0deed32761_randy.jpeg\" class=\"attachment-post-thumbnail size-post-thumbnail wp-post-image\" alt=\"\" loading=\"lazy\" srcset=\"https:\/\/www.directsellingexpo.org\/tr\/wp-content\/uploads\/2019\/07\/5fc00a82c77a4a05f764a41f_5ba7e74c2756cb0deed32761_randy.jpeg 976w, https:\/\/www.directsellingexpo.org\/tr\/wp-content\/uploads\/2019\/07\/5fc00a82c77a4a05f764a41f_5ba7e74c2756cb0deed32761_randy-237x300.jpeg 237w, https:\/\/www.directsellingexpo.org\/tr\/wp-content\/uploads\/2019\/07\/5fc00a82c77a4a05f764a41f_5ba7e74c2756cb0deed32761_randy-808x1024.jpeg 808w, https:\/\/www.directsellingexpo.org\/tr\/wp-content\/uploads\/2019\/07\/5fc00a82c77a4a05f764a41f_5ba7e74c2756cb0deed32761_randy-768x973.jpeg 768w, https:\/\/www.directsellingexpo.org\/tr\/wp-content\/uploads\/2019\/07\/5fc00a82c77a4a05f764a41f_5ba7e74c2756cb0deed32761_randy-400x507.jpeg 400w\" sizes=\"(max-width: 976px) 100vw, 976px\" \/>            <a class=\"link-detail\" href=\"https:\/\/www.directsellingexpo.org\/tr\/?osf_speakers=speaker-3\"><\/a>\n        <\/div>\n        <div class=\"speaker-details\">\n            <h3 class=\"speaker-name\"><a href=\"https:\/\/www.directsellingexpo.org\/tr\/?osf_speakers=speaker-3\">Randy Gage<\/a><\/h3>\n            <div class=\"speaker-job\">Konu\u015fmac\u0131 & Yazar<\/div>\n        <\/div>\n    <\/div>\n<\/article>\n\n\n<article class=\"column-item\">\n    <div class=\"speaker-item\">\n        <div class=\"speaker-image\">\n            <img width=\"828\" height=\"1280\" src=\"https:\/\/www.directsellingexpo.org\/tr\/wp-content\/uploads\/2019\/07\/cb5943d4-c2b1-4562-bee1-fca8b8911a0c.jpg\" class=\"attachment-post-thumbnail size-post-thumbnail wp-post-image\" alt=\"\" loading=\"lazy\" srcset=\"https:\/\/www.directsellingexpo.org\/tr\/wp-content\/uploads\/2019\/07\/cb5943d4-c2b1-4562-bee1-fca8b8911a0c.jpg 828w, https:\/\/www.directsellingexpo.org\/tr\/wp-content\/uploads\/2019\/07\/cb5943d4-c2b1-4562-bee1-fca8b8911a0c-194x300.jpg 194w, https:\/\/www.directsellingexpo.org\/tr\/wp-content\/uploads\/2019\/07\/cb5943d4-c2b1-4562-bee1-fca8b8911a0c-662x1024.jpg 662w, https:\/\/www.directsellingexpo.org\/tr\/wp-content\/uploads\/2019\/07\/cb5943d4-c2b1-4562-bee1-fca8b8911a0c-768x1187.jpg 768w, https:\/\/www.directsellingexpo.org\/tr\/wp-content\/uploads\/2019\/07\/cb5943d4-c2b1-4562-bee1-fca8b8911a0c-400x618.jpg 400w\" sizes=\"(max-width: 828px) 100vw, 828px\" \/>            <a class=\"link-detail\" href=\"https:\/\/www.directsellingexpo.org\/tr\/?osf_speakers=speaker-4\"><\/a>\n        <\/div>\n        <div class=\"speaker-details\">\n            <h3 class=\"speaker-name\"><a href=\"https:\/\/www.directsellingexpo.org\/tr\/?osf_speakers=speaker-4\">Paula Morelos Zaragoza<\/a><\/h3>\n            <div class=\"speaker-job\">Yazar & Konu\u015fmac\u0131<\/div>\n        <\/div>\n    <\/div>\n<\/article>\n\n\n<article class=\"column-item\">\n    <div class=\"speaker-item\">\n        <div class=\"speaker-image\">\n            <img width=\"1000\" height=\"1000\" src=\"https:\/\/www.directsellingexpo.org\/tr\/wp-content\/uploads\/2019\/07\/placeholder-1.jpg\" class=\"attachment-post-thumbnail size-post-thumbnail wp-post-image\" alt=\"\" loading=\"lazy\" srcset=\"https:\/\/www.directsellingexpo.org\/tr\/wp-content\/uploads\/2019\/07\/placeholder-1.jpg 1000w, https:\/\/www.directsellingexpo.org\/tr\/wp-content\/uploads\/2019\/07\/placeholder-1-300x300.jpg 300w, https:\/\/www.directsellingexpo.org\/tr\/wp-content\/uploads\/2019\/07\/placeholder-1-150x150.jpg 150w, https:\/\/www.directsellingexpo.org\/tr\/wp-content\/uploads\/2019\/07\/placeholder-1-768x768.jpg 768w, https:\/\/www.directsellingexpo.org\/tr\/wp-content\/uploads\/2019\/07\/placeholder-1-400x400.jpg 400w, https:\/\/www.directsellingexpo.org\/tr\/wp-content\/uploads\/2019\/07\/placeholder-1-100x100.jpg 100w\" sizes=\"(max-width: 1000px) 100vw, 1000px\" \/>            <a class=\"link-detail\" href=\"https:\/\/www.directsellingexpo.org\/tr\/?osf_speakers=speaker-5\"><\/a>\n        <\/div>\n        <div class=\"speaker-details\">\n            <h3 class=\"speaker-name\"><a href=\"https:\/\/www.directsellingexpo.org\/tr\/?osf_speakers=speaker-5\">KONU\u015eMACI-5<\/a><\/h3>\n            <div class=\"speaker-job\">G\u0130R\u0130\u015e\u0130MC\u0130<\/div>\n        <\/div>\n    <\/div>\n<\/article>\n\n\n<article class=\"column-item\">\n    <div class=\"speaker-item\">\n        <div class=\"speaker-image\">\n            <img width=\"1000\" height=\"1000\" src=\"https:\/\/www.directsellingexpo.org\/tr\/wp-content\/uploads\/2019\/07\/placeholder-1.jpg\" class=\"attachment-post-thumbnail size-post-thumbnail wp-post-image\" alt=\"\" loading=\"lazy\" srcset=\"https:\/\/www.directsellingexpo.org\/tr\/wp-content\/uploads\/2019\/07\/placeholder-1.jpg 1000w, https:\/\/www.directsellingexpo.org\/tr\/wp-content\/uploads\/2019\/07\/placeholder-1-300x300.jpg 300w, https:\/\/www.directsellingexpo.org\/tr\/wp-content\/uploads\/2019\/07\/placeholder-1-150x150.jpg 150w, https:\/\/www.directsellingexpo.org\/tr\/wp-content\/uploads\/2019\/07\/placeholder-1-768x768.jpg 768w, https:\/\/www.directsellingexpo.org\/tr\/wp-content\/uploads\/2019\/07\/placeholder-1-400x400.jpg 400w, https:\/\/www.directsellingexpo.org\/tr\/wp-content\/uploads\/2019\/07\/placeholder-1-100x100.jpg 100w\" sizes=\"(max-width: 1000px) 100vw, 1000px\" \/>            <a class=\"link-detail\" href=\"https:\/\/www.directsellingexpo.org\/tr\/?osf_speakers=speaker-6\"><\/a>\n        <\/div>\n        <div class=\"speaker-details\">\n            <h3 class=\"speaker-name\"><a href=\"https:\/\/www.directsellingexpo.org\/tr\/?osf_speakers=speaker-6\">KONU\u015eMACI-6<\/a><\/h3>\n            <div class=\"speaker-job\">G\u0130R\u0130\u015e\u0130MC\u0130<\/div>\n        <\/div>\n    <\/div>\n<\/article>\n\n\n<article class=\"column-item\">\n    <div class=\"speaker-item\">\n        <div class=\"speaker-image\">\n            <img width=\"1000\" height=\"1000\" src=\"https:\/\/www.directsellingexpo.org\/tr\/wp-content\/uploads\/2019\/07\/placeholder-1.jpg\" class=\"attachment-post-thumbnail size-post-thumbnail wp-post-image\" alt=\"\" loading=\"lazy\" srcset=\"https:\/\/www.directsellingexpo.org\/tr\/wp-content\/uploads\/2019\/07\/placeholder-1.jpg 1000w, https:\/\/www.directsellingexpo.org\/tr\/wp-content\/uploads\/2019\/07\/placeholder-1-300x300.jpg 300w, https:\/\/www.directsellingexpo.org\/tr\/wp-content\/uploads\/2019\/07\/placeholder-1-150x150.jpg 150w, https:\/\/www.directsellingexpo.org\/tr\/wp-content\/uploads\/2019\/07\/placeholder-1-768x768.jpg 768w, https:\/\/www.directsellingexpo.org\/tr\/wp-content\/uploads\/2019\/07\/placeholder-1-400x400.jpg 400w, https:\/\/www.directsellingexpo.org\/tr\/wp-content\/uploads\/2019\/07\/placeholder-1-100x100.jpg 100w\" sizes=\"(max-width: 1000px) 100vw, 1000px\" \/>            <a class=\"link-detail\" href=\"https:\/\/www.directsellingexpo.org\/tr\/?osf_speakers=speaker-7\"><\/a>\n        <\/div>\n        <div class=\"speaker-details\">\n            <h3 class=\"speaker-name\"><a href=\"https:\/\/www.directsellingexpo.org\/tr\/?osf_speakers=speaker-7\">KONU\u015eMACI-7<\/a><\/h3>\n            <div class=\"speaker-job\">G\u0130R\u0130\u015e\u0130MC\u0130<\/div>\n        <\/div>\n    <\/div>\n<\/article>\n\n\n<article class=\"column-item\">\n    <div class=\"speaker-item\">\n        <div class=\"speaker-image\">\n            <img width=\"1000\" height=\"1000\" src=\"https:\/\/www.directsellingexpo.org\/tr\/wp-content\/uploads\/2019\/07\/placeholder-1.jpg\" class=\"attachment-post-thumbnail size-post-thumbnail wp-post-image\" alt=\"\" loading=\"lazy\" srcset=\"https:\/\/www.directsellingexpo.org\/tr\/wp-content\/uploads\/2019\/07\/placeholder-1.jpg 1000w, https:\/\/www.directsellingexpo.org\/tr\/wp-content\/uploads\/2019\/07\/placeholder-1-300x300.jpg 300w, https:\/\/www.directsellingexpo.org\/tr\/wp-content\/uploads\/2019\/07\/placeholder-1-150x150.jpg 150w, https:\/\/www.directsellingexpo.org\/tr\/wp-content\/uploads\/2019\/07\/placeholder-1-768x768.jpg 768w, https:\/\/www.directsellingexpo.org\/tr\/wp-content\/uploads\/2019\/07\/placeholder-1-400x400.jpg 400w, https:\/\/www.directsellingexpo.org\/tr\/wp-content\/uploads\/2019\/07\/placeholder-1-100x100.jpg 100w\" sizes=\"(max-width: 1000px) 100vw, 1000px\" \/>            <a class=\"link-detail\" href=\"https:\/\/www.directsellingexpo.org\/tr\/?osf_speakers=speaker-8\"><\/a>\n        <\/div>\n        <div class=\"speaker-details\">\n            <h3 class=\"speaker-name\"><a href=\"https:\/\/www.directsellingexpo.org\/tr\/?osf_speakers=speaker-8\">KONU\u015eMACI-8<\/a><\/h3>\n            <div class=\"speaker-job\">G\u0130R\u0130\u015e\u0130MC\u0130<\/div>\n        <\/div>\n    <\/div>\n<\/article>\n\n\n<article class=\"column-item\">\n    <div class=\"speaker-item\">\n        <div class=\"speaker-image\">\n            <img width=\"1000\" height=\"1000\" src=\"https:\/\/www.directsellingexpo.org\/tr\/wp-content\/uploads\/2019\/07\/placeholder-1.jpg\" class=\"attachment-post-thumbnail size-post-thumbnail wp-post-image\" alt=\"\" loading=\"lazy\" srcset=\"https:\/\/www.directsellingexpo.org\/tr\/wp-content\/uploads\/2019\/07\/placeholder-1.jpg 1000w, https:\/\/www.directsellingexpo.org\/tr\/wp-content\/uploads\/2019\/07\/placeholder-1-300x300.jpg 300w, https:\/\/www.directsellingexpo.org\/tr\/wp-content\/uploads\/2019\/07\/placeholder-1-150x150.jpg 150w, https:\/\/www.directsellingexpo.org\/tr\/wp-content\/uploads\/2019\/07\/placeholder-1-768x768.jpg 768w, https:\/\/www.directsellingexpo.org\/tr\/wp-content\/uploads\/2019\/07\/placeholder-1-400x400.jpg 400w, https:\/\/www.directsellingexpo.org\/tr\/wp-content\/uploads\/2019\/07\/placeholder-1-100x100.jpg 100w\" sizes=\"(max-width: 1000px) 100vw, 1000px\" \/>            <a class=\"link-detail\" href=\"https:\/\/www.directsellingexpo.org\/tr\/?osf_speakers=speaker-9\"><\/a>\n        <\/div>\n        <div class=\"speaker-details\">\n            <h3 class=\"speaker-name\"><a href=\"https:\/\/www.directsellingexpo.org\/tr\/?osf_speakers=speaker-9\">KONU\u015eMACI-9<\/a><\/h3>\n            <div class=\"speaker-job\">G\u0130R\u0130\u015e\u0130MC\u0130<\/div>\n        <\/div>\n    <\/div>\n<\/article>\n\n\n<article class=\"column-item\">\n    <div class=\"speaker-item\">\n        <div class=\"speaker-image\">\n            <img width=\"1000\" height=\"1000\" src=\"https:\/\/www.directsellingexpo.org\/tr\/wp-content\/uploads\/2019\/07\/placeholder-1.jpg\" class=\"attachment-post-thumbnail size-post-thumbnail wp-post-image\" alt=\"\" loading=\"lazy\" srcset=\"https:\/\/www.directsellingexpo.org\/tr\/wp-content\/uploads\/2019\/07\/placeholder-1.jpg 1000w, https:\/\/www.directsellingexpo.org\/tr\/wp-content\/uploads\/2019\/07\/placeholder-1-300x300.jpg 300w, https:\/\/www.directsellingexpo.org\/tr\/wp-content\/uploads\/2019\/07\/placeholder-1-150x150.jpg 150w, https:\/\/www.directsellingexpo.org\/tr\/wp-content\/uploads\/2019\/07\/placeholder-1-768x768.jpg 768w, https:\/\/www.directsellingexpo.org\/tr\/wp-content\/uploads\/2019\/07\/placeholder-1-400x400.jpg 400w, https:\/\/www.directsellingexpo.org\/tr\/wp-content\/uploads\/2019\/07\/placeholder-1-100x100.jpg 100w\" sizes=\"(max-width: 1000px) 100vw, 1000px\" \/>            <a class=\"link-detail\" href=\"https:\/\/www.directsellingexpo.org\/tr\/?osf_speakers=speaker-10\"><\/a>\n        <\/div>\n        <div class=\"speaker-details\">\n            <h3 class=\"speaker-name\"><a href=\"https:\/\/www.directsellingexpo.org\/tr\/?osf_speakers=speaker-10\">KONU\u015eMACI-10<\/a><\/h3>\n            <div class=\"speaker-job\">G\u0130R\u0130\u015e\u0130MC\u0130<\/div>\n        <\/div>\n    <\/div>\n<\/article>\n\n\n            <\/div>\n        <\/div>\n\n        \t\t<\/div>\n\t\t\t\t<\/div>\n\t\t\t\t\t\t<\/div>\n\t\t\t<\/div>\n\t\t<\/div>\n\t\t\t\t\t\t<\/div>\n\t\t\t<\/div>\n\t\t<\/div>\n\t\t\t\t<div class=\"elementor-element elementor-element-9ed57a3 elementor-section-boxed elementor-section-height-default elementor-section-height-default elementor-section elementor-top-section\" data-id=\"9ed57a3\" data-element_type=\"section\">\n\t\t\t\t\t\t<div class=\"elementor-container elementor-column-gap-default\">\n\t\t\t\t<div class=\"elementor-row\">\n\t\t\t\t<div class=\"elementor-element elementor-element-957f960 elementor-column elementor-col-100 elementor-top-column\" data-id=\"957f960\" data-element_type=\"column\">\n\t\t\t<div class=\"elementor-column-wrap  elementor-element-populated\">\n\t\t\t\t\t<div class=\"elementor-widget-wrap\">\n\t\t\t\t<div class=\"elementor-element elementor-element-fc4b41e elementor-widget elementor-widget-opal-schedules\" data-id=\"fc4b41e\" data-element_type=\"widget\" data-widget_type=\"opal-schedules.default\">\n\t\t\t\t<div class=\"elementor-widget-container\">\n\t\t\t        <div class=\"elementor-schedules-wrapper schedules-style-2\">\n                            <div class=\"row\" data-elementor-columns=\"1\">\n                                    <\/div>\n                        <\/div>\n        \t\t<\/div>\n\t\t\t\t<\/div>\n\t\t\t\t\t\t<\/div>\n\t\t\t<\/div>\n\t\t<\/div>\n\t\t\t\t\t\t<\/div>\n\t\t\t<\/div>\n\t\t<\/div>\n\t\t\t\t\t\t<\/div>\n\t\t\t<\/div>\n\t\t<\/div>\n\t\t","protected":false},"excerpt":{"rendered":"","protected":false},"author":8,"featured_media":0,"parent":0,"menu_order":0,"comment_status":"closed","ping_status":"closed","template":"page-elementor.php","meta":[],"_links":{"self":[{"href":"https:\/\/www.directsellingexpo.org\/tr\/index.php?rest_route=\/wp\/v2\/pages\/156"}],"collection":[{"href":"https:\/\/www.directsellingexpo.org\/tr\/index.php?rest_route=\/wp\/v2\/pages"}],"about":[{"href":"https:\/\/www.directsellingexpo.org\/tr\/index.php?rest_route=\/wp\/v2\/types\/page"}],"author":[{"embeddable":true,"href":"https:\/\/www.directsellingexpo.org\/tr\/index.php?rest_route=\/wp\/v2\/users\/8"}],"replies":[{"embeddable":true,"href":"https:\/\/www.directsellingexpo.org\/tr\/index.php?rest_route=%2Fwp%2Fv2%2Fcomments&post=156"}],"version-history":[{"count":0,"href":"https:\/\/www.directsellingexpo.org\/tr\/index.php?rest_route=\/wp\/v2\/pages\/156\/revisions"}],"wp:attachment":[{"href":"https:\/\/www.directsellingexpo.org\/tr\/index.php?rest_route=%2Fwp%2Fv2%2Fmedia&parent=156"}],"curies":[{"name":"wp","href":"https:\/\/api.w.org\/{rel}","templated":true}]}}