{"id":2444,"date":"2021-05-01T18:56:22","date_gmt":"2021-05-01T15:56:22","guid":{"rendered":"http:\/\/www.directsellingexpo.org\/?page_id=2444"},"modified":"2021-05-31T01:08:57","modified_gmt":"2021-05-30T22:08:57","slug":"company-establishment-services","status":"publish","type":"page","link":"https:\/\/www.directsellingexpo.org\/tr\/?page_id=2444","title":{"rendered":"\u015e\u0130RKET KURULU\u015e H\u0130ZMETLER\u0130"},"content":{"rendered":"\t\t<div data-elementor-type=\"wp-page\" data-elementor-id=\"2444\" class=\"elementor elementor-2444\" data-elementor-settings=\"[]\">\n\t\t\t<div class=\"elementor-inner\">\n\t\t\t\t<div class=\"elementor-section-wrap\">\n\t\t\t\t\t\t\t<section class=\"elementor-element elementor-element-e8f34d6 elementor-section-boxed elementor-section-height-default elementor-section-height-default elementor-section elementor-top-section\" data-id=\"e8f34d6\" data-element_type=\"section\">\n\t\t\t\t\t\t<div class=\"elementor-container elementor-column-gap-default\">\n\t\t\t\t<div class=\"elementor-row\">\n\t\t\t\t<div class=\"elementor-element elementor-element-26824c2 elementor-column elementor-col-100 elementor-top-column\" data-id=\"26824c2\" data-element_type=\"column\">\n\t\t\t<div class=\"elementor-column-wrap  elementor-element-populated\">\n\t\t\t\t\t<div class=\"elementor-widget-wrap\">\n\t\t\t\t<div class=\"elementor-element elementor-element-caf5a20 elementor-widget elementor-widget-text-editor\" data-id=\"caf5a20\" data-element_type=\"widget\" data-widget_type=\"text-editor.default\">\n\t\t\t\t<div class=\"elementor-widget-container\">\n\t\t\t        <div class=\"elementor-text-editor elementor-clearfix\"><p>Maksimum b\u00fct\u00e7e optimizasyonu ve konfor odakl\u0131 \u00e7al\u0131\u015fma d\u00fczeni sa\u011flayan \u015firket kurulu\u015f hizmetlerimizle \u015firketinizi b\u00fcy\u00fctme s\u00fcre\u00e7lerinizde y\u00fck\u00fcn\u00fcz\u00fc hafifletiyoruz. Sistem entegrasyonundan teknolojik altyap\u0131 kurulumuna ve marka g\u00f6r\u00fcn\u00fcrl\u00fc\u011f\u00fcn\u00fcz\u00fc art\u0131racak ara\u00e7lara dek ihtiyac\u0131n\u0131z olan t\u00fcm hizmetleri sunuyoruz.<\/p><p>\u015eirket kurulu\u015f hizmetlerimizin kapsam\u0131:<\/p><h3><span style=\"color: #fd4c66;\">\u00b7 TEKNOLOJ\u0130K ALTYAPI KURULUMU: <\/span><\/h3><p>\u0130\u015finizi ve toplant\u0131lar\u0131n\u0131z\u0131 herhangi bir aksakl\u0131k olmadan yapman\u0131z\u0131 sa\u011flayan alanlar tasarl\u0131yoruz. S\u00fcrd\u00fcr\u00fclebilir teknik altyap\u0131, yeni nesil sistemler ve modern donan\u0131mlardan olu\u015fan bir ofis ortam\u0131 haz\u0131rl\u0131yoruz.<\/p><h3><span style=\"color: #fd4c66;\">\u00b7 OF\u0130S KURULUMU: <\/span><\/h3><p>Ofis tasar\u0131m\u0131n\u0131 istedi\u011finiz konumda ve \u00f6zelliklerde k\u0131sa s\u00fcre i\u00e7inde olu\u015fturarak anahtar teslim hizmet modeli sunuyoruz. Verimlili\u011finizi art\u0131rmaya, i\u015f yeri &#8211; i\u015fletme taleplerinizi \u00fcst d\u00fczeyde kar\u015f\u0131lamaya odaklanan, fonksiyonel ve dekoratif e\u015fyalarla zenginle\u015ftirilmi\u015f l\u00fcks ve konforlu bir ofiste \u00e7al\u0131\u015fma ayr\u0131cal\u0131\u011f\u0131n\u0131n keyfini s\u00fcrebilirsiniz.<\/p><h3><span style=\"color: #fd4c66;\">\u00b7Y\u00d6NET\u0130M DANI\u015eMANLI\u011eI VE E\u011e\u0130T\u0130M H\u0130ZMETLER\u0130:<\/span><\/h3><p>Zaman, i\u015f g\u00fcc\u00fc ve b\u00fct\u00e7e optimizasyonu sa\u011flamak ve marka vizyonunuza lay\u0131k ve \u00fcretkenli\u011finizi art\u0131rmaya y\u00f6nelik yap\u0131c\u0131 \u00e7\u00f6z\u00fcmler sunmak i\u00e7in uzman ekibimizle dan\u0131\u015fmanl\u0131k, destek ve e\u011fitim hizmetleri sunuyoruz.<\/p><h3><span style=\"color: #fd4c66;\">\u00b7 D\u0130J\u0130TAL PAZARLAMA H\u0130ZMETLER\u0130:<\/span><\/h3><p>\u0130\u015fletmenizin mevcut ve potansiyel m\u00fc\u015fterilere kar\u015f\u0131 sekt\u00f6r d\u00fczeyinde g\u00f6r\u00fcn\u00fcrl\u00fc\u011f\u00fcn\u00fc art\u0131rmak i\u00e7in internetin g\u00fcc\u00fcnden en iyi \u015fekilde yararlanmaya odaklan\u0131yoruz. Teknolojik donan\u0131mlar\u0131m\u0131z ve dijital pazarlama ara\u00e7lar\u0131m\u0131zla markan\u0131z\u0131n, \u00fcr\u00fcnlerinizin ve hizmetlerinizin \u00e7evrimi\u00e7i reklam ve tan\u0131t\u0131m\u0131n\u0131 yap\u0131yoruz.<\/p><h3><span style=\"color: #fd4c66;\">\u00b7 WEB S\u0130TES\u0130 KURULUMU:<\/span><\/h3><p>Marka g\u00fcvenilirli\u011finizi art\u0131rman\u0131z\u0131 ve kurumsal imaj\u0131n\u0131z\u0131 g\u00fc\u00e7lendirmenizi tam anlam\u0131yla sa\u011flayacak \u015fekilde web sitenizi sizin yerinize kuruyoruz. T\u00fcm d\u00fcnyadaki m\u00fc\u015fterilere eri\u015fim sunan web sitesinin tasar\u0131m\u0131nda ki\u015fisel beklentilerinizi ve anla\u015f\u0131labilir bir aray\u00fcz ve m\u00fc\u015fteri etkile\u015fimi dahil t\u00fcm ayr\u0131nt\u0131lar\u0131 g\u00f6z \u00f6n\u00fcnde bulunduruyoruz.<\/p><\/div>\n        \t\t<\/div>\n\t\t\t\t<\/div>\n\t\t\t\t\t\t<\/div>\n\t\t\t<\/div>\n\t\t<\/div>\n\t\t\t\t\t\t<\/div>\n\t\t\t<\/div>\n\t\t<\/section>\n\t\t\t\t\t\t<\/div>\n\t\t\t<\/div>\n\t\t<\/div>\n\t\t","protected":false},"excerpt":{"rendered":"<p>Maksimum b\u00fct\u00e7e optimizasyonu ve konfor odakl\u0131 \u00e7al\u0131\u015fma d\u00fczeni sa\u011flayan \u015firket kurulu\u015f hizmetlerimizle \u015firketinizi b\u00fcy\u00fctme s\u00fcre\u00e7lerinizde y\u00fck\u00fcn\u00fcz\u00fc hafifletiyoruz. Sistem entegrasyonundan teknolojik altyap\u0131 kurulumuna ve marka g\u00f6r\u00fcn\u00fcrl\u00fc\u011f\u00fcn\u00fcz\u00fc art\u0131racak ara\u00e7lara dek ihtiyac\u0131n\u0131z olan t\u00fcm hizmetleri sunuyoruz. \u015eirket kurulu\u015f hizmetlerimizin kapsam\u0131: \u00b7 TEKNOLOJ\u0130K ALTYAPI KURULUMU: \u0130\u015finizi ve toplant\u0131lar\u0131n\u0131z\u0131 herhangi bir aksakl\u0131k olmadan yapman\u0131z\u0131 sa\u011flayan alanlar tasarl\u0131yoruz. S\u00fcrd\u00fcr\u00fclebilir teknik altyap\u0131, &hellip; <span class=\"more-link-wrap\"><a href=\"https:\/\/www.directsellingexpo.org\/tr\/?page_id=2444\" class=\"more-link\">Read More <span class=\"screen-reader-text\"> &#8220;\u015e\u0130RKET KURULU\u015e H\u0130ZMETLER\u0130&#8221;<\/span><\/a><\/span><\/p>\n","protected":false},"author":8,"featured_media":0,"parent":0,"menu_order":0,"comment_status":"closed","ping_status":"closed","template":"","meta":[],"_links":{"self":[{"href":"https:\/\/www.directsellingexpo.org\/tr\/index.php?rest_route=\/wp\/v2\/pages\/2444"}],"collection":[{"href":"https:\/\/www.directsellingexpo.org\/tr\/index.php?rest_route=\/wp\/v2\/pages"}],"about":[{"href":"https:\/\/www.directsellingexpo.org\/tr\/index.php?rest_route=\/wp\/v2\/types\/page"}],"author":[{"embeddable":true,"href":"https:\/\/www.directsellingexpo.org\/tr\/index.php?rest_route=\/wp\/v2\/users\/8"}],"replies":[{"embeddable":true,"href":"https:\/\/www.directsellingexpo.org\/tr\/index.php?rest_route=%2Fwp%2Fv2%2Fcomments&post=2444"}],"version-history":[{"count":12,"href":"https:\/\/www.directsellingexpo.org\/tr\/index.php?rest_route=\/wp\/v2\/pages\/2444\/revisions"}],"predecessor-version":[{"id":2583,"href":"https:\/\/www.directsellingexpo.org\/tr\/index.php?rest_route=\/wp\/v2\/pages\/2444\/revisions\/2583"}],"wp:attachment":[{"href":"https:\/\/www.directsellingexpo.org\/tr\/index.php?rest_route=%2Fwp%2Fv2%2Fmedia&parent=2444"}],"curies":[{"name":"wp","href":"https:\/\/api.w.org\/{rel}","templated":true}]}}