{"id":2445,"date":"2021-05-01T18:56:33","date_gmt":"2021-05-01T15:56:33","guid":{"rendered":"http:\/\/www.directsellingexpo.org\/?page_id=2445"},"modified":"2021-05-31T00:56:57","modified_gmt":"2021-05-30T21:56:57","slug":"import-permits","status":"publish","type":"page","link":"https:\/\/www.directsellingexpo.org\/tr\/?page_id=2445","title":{"rendered":"\u0130THALAT \u0130Z\u0130NLER\u0130"},"content":{"rendered":"\t\t<div data-elementor-type=\"wp-page\" data-elementor-id=\"2445\" class=\"elementor elementor-2445\" data-elementor-settings=\"[]\">\n\t\t\t<div class=\"elementor-inner\">\n\t\t\t\t<div class=\"elementor-section-wrap\">\n\t\t\t\t\t\t\t<section class=\"elementor-element elementor-element-fffa33b elementor-section-boxed elementor-section-height-default elementor-section-height-default elementor-section elementor-top-section\" data-id=\"fffa33b\" data-element_type=\"section\">\n\t\t\t\t\t\t<div class=\"elementor-container elementor-column-gap-default\">\n\t\t\t\t<div class=\"elementor-row\">\n\t\t\t\t<div class=\"elementor-element elementor-element-4d11316 elementor-column elementor-col-100 elementor-top-column\" data-id=\"4d11316\" data-element_type=\"column\">\n\t\t\t<div class=\"elementor-column-wrap  elementor-element-populated\">\n\t\t\t\t\t<div class=\"elementor-widget-wrap\">\n\t\t\t\t<div class=\"elementor-element elementor-element-849fb46 elementor-widget elementor-widget-text-editor\" data-id=\"849fb46\" data-element_type=\"widget\" data-widget_type=\"text-editor.default\">\n\t\t\t\t<div class=\"elementor-widget-container\">\n\t\t\t        <div class=\"elementor-text-editor elementor-clearfix\">\u00dcr\u00fcnlerinizin belli bir pazara giri\u015f yapmas\u0131n\u0131n bir par\u00e7as\u0131 olarak size hem yasal s\u00fcre\u00e7lere dair dan\u0131\u015fmanl\u0131k hizmetleri sunuyor hem de izin s\u00fcre\u00e7lerini sizin ad\u0131n\u0131za y\u00f6netiyoruz. Yurt d\u0131\u015f\u0131nda \u00fcretilmi\u015f ya da yurt d\u0131\u015f\u0131ndan tedarik edilmesi istenen \u00fcr\u00fcnleri se\u00e7ece\u011finiz herhangi bir pazarda satmak isterseniz size ithalat izni alma hizmeti sunuyoruz. \u0130thalat\u0131n aksama olmadan ve zaman\u0131nda yap\u0131lmas\u0131 ve g\u00fcmr\u00fcklerde ya\u015fanabilecek t\u00fcm sorunlar\u0131n \u00f6n\u00fcne ge\u00e7ilmesi i\u00e7in t\u00fcm s\u00fcre\u00e7leri dikkatle y\u00f6netiyoruz. \u0130thal etmek istedi\u011finiz mallar hakk\u0131nda taraf\u0131m\u0131za bilgi vermenizin ard\u0131ndan gerekli kontrolleri ve d\u00fczenlemeleri yap\u0131yor, sizi mevcut durum hakk\u0131nda bilgilendiriyoruz. \u0130thalat izni hizmetimiz sayesinde, \u00fcr\u00fcn\u00fcn tipi ve yap\u0131s\u0131na ba\u011fl\u0131 olarak de\u011fi\u015fkenlik g\u00f6sterebilecek olan y\u00fcr\u00fcrl\u00fckteki mevzuat\u0131n gerektirdi\u011fi izinleri alma s\u00fcrecini ara\u015ft\u0131rman\u0131za ya da ilgili bakanl\u0131klardaki s\u00fcre\u00e7lerin ayr\u0131nt\u0131lar\u0131n\u0131 takip etmenize gerek kalm\u0131yor.    \n<\/div>\n        \t\t<\/div>\n\t\t\t\t<\/div>\n\t\t\t\t\t\t<\/div>\n\t\t\t<\/div>\n\t\t<\/div>\n\t\t\t\t\t\t<\/div>\n\t\t\t<\/div>\n\t\t<\/section>\n\t\t\t\t\t\t<\/div>\n\t\t\t<\/div>\n\t\t<\/div>\n\t\t","protected":false},"excerpt":{"rendered":"<p>\u00dcr\u00fcnlerinizin belli bir pazara giri\u015f yapmas\u0131n\u0131n bir par\u00e7as\u0131 olarak size hem yasal s\u00fcre\u00e7lere dair dan\u0131\u015fmanl\u0131k hizmetleri sunuyor hem de izin s\u00fcre\u00e7lerini sizin ad\u0131n\u0131za y\u00f6netiyoruz. Yurt d\u0131\u015f\u0131nda \u00fcretilmi\u015f ya da yurt d\u0131\u015f\u0131ndan tedarik edilmesi istenen \u00fcr\u00fcnleri se\u00e7ece\u011finiz herhangi bir pazarda satmak isterseniz size ithalat izni alma hizmeti sunuyoruz. \u0130thalat\u0131n aksama olmadan ve zaman\u0131nda yap\u0131lmas\u0131 ve g\u00fcmr\u00fcklerde &hellip; <span class=\"more-link-wrap\"><a href=\"https:\/\/www.directsellingexpo.org\/tr\/?page_id=2445\" class=\"more-link\">Read More <span class=\"screen-reader-text\"> &#8220;\u0130THALAT \u0130Z\u0130NLER\u0130&#8221;<\/span><\/a><\/span><\/p>\n","protected":false},"author":8,"featured_media":0,"parent":0,"menu_order":0,"comment_status":"closed","ping_status":"closed","template":"","meta":[],"_links":{"self":[{"href":"https:\/\/www.directsellingexpo.org\/tr\/index.php?rest_route=\/wp\/v2\/pages\/2445"}],"collection":[{"href":"https:\/\/www.directsellingexpo.org\/tr\/index.php?rest_route=\/wp\/v2\/pages"}],"about":[{"href":"https:\/\/www.directsellingexpo.org\/tr\/index.php?rest_route=\/wp\/v2\/types\/page"}],"author":[{"embeddable":true,"href":"https:\/\/www.directsellingexpo.org\/tr\/index.php?rest_route=\/wp\/v2\/users\/8"}],"replies":[{"embeddable":true,"href":"https:\/\/www.directsellingexpo.org\/tr\/index.php?rest_route=%2Fwp%2Fv2%2Fcomments&post=2445"}],"version-history":[{"count":6,"href":"https:\/\/www.directsellingexpo.org\/tr\/index.php?rest_route=\/wp\/v2\/pages\/2445\/revisions"}],"predecessor-version":[{"id":2576,"href":"https:\/\/www.directsellingexpo.org\/tr\/index.php?rest_route=\/wp\/v2\/pages\/2445\/revisions\/2576"}],"wp:attachment":[{"href":"https:\/\/www.directsellingexpo.org\/tr\/index.php?rest_route=%2Fwp%2Fv2%2Fmedia&parent=2445"}],"curies":[{"name":"wp","href":"https:\/\/api.w.org\/{rel}","templated":true}]}}