{"id":2446,"date":"2021-05-01T18:56:57","date_gmt":"2021-05-01T15:56:57","guid":{"rendered":"http:\/\/www.directsellingexpo.org\/?page_id=2446"},"modified":"2021-05-31T00:58:43","modified_gmt":"2021-05-30T21:58:43","slug":"private-label-product-supply","status":"publish","type":"page","link":"https:\/\/www.directsellingexpo.org\/tr\/?page_id=2446","title":{"rendered":"\u00d6ZEL MARKALI \u00dcR\u00dcN DESTE\u011e\u0130"},"content":{"rendered":"\t\t<div data-elementor-type=\"wp-page\" data-elementor-id=\"2446\" class=\"elementor elementor-2446\" data-elementor-settings=\"[]\">\n\t\t\t<div class=\"elementor-inner\">\n\t\t\t\t<div class=\"elementor-section-wrap\">\n\t\t\t\t\t\t\t<section class=\"elementor-element elementor-element-2c8720d elementor-section-boxed elementor-section-height-default elementor-section-height-default elementor-section elementor-top-section\" data-id=\"2c8720d\" data-element_type=\"section\">\n\t\t\t\t\t\t<div class=\"elementor-container elementor-column-gap-default\">\n\t\t\t\t<div class=\"elementor-row\">\n\t\t\t\t<div class=\"elementor-element elementor-element-2ed1d93 elementor-column elementor-col-100 elementor-top-column\" data-id=\"2ed1d93\" data-element_type=\"column\">\n\t\t\t<div class=\"elementor-column-wrap  elementor-element-populated\">\n\t\t\t\t\t<div class=\"elementor-widget-wrap\">\n\t\t\t\t<div class=\"elementor-element elementor-element-0536c00 elementor-widget elementor-widget-text-editor\" data-id=\"0536c00\" data-element_type=\"widget\" data-widget_type=\"text-editor.default\">\n\t\t\t\t<div class=\"elementor-widget-container\">\n\t\t\t        <div class=\"elementor-text-editor elementor-clearfix\"><p>\u00d6zel Markal\u0131 \u00dcr\u00fcn Deste\u011fi modeliyle, \u00fcr\u00fcn ve hizmet a\u011f\u0131n\u0131 geni\u015fletmek isteyen \u015firketlerin ve kendi marka adlar\u0131yla \u00fcr\u00fcn tedarik etme ve satma fikirlerini ger\u00e7ekle\u015ftirmek isteyen giri\u015fimcilerin i\u015flerini kolayla\u015ft\u0131r\u0131yoruz. Kendi marka ad\u0131n\u0131zla kurmu\u015f oldu\u011funuz i\u015finizin \u00fcretim k\u0131sm\u0131n\u0131 k\u00fcresel bazda \u00fcstleniyoruz. Satmak istedi\u011finiz \u00fcr\u00fcnleri \u00fcretiyor, \u00fcr\u00fcnlerinizi kendi markan\u0131z alt\u0131nda sat\u0131\u015fa tam olarak haz\u0131r hale getiriyoruz. Ayr\u0131ca \u00d6zel Markal\u0131 \u00dcr\u00fcn hizmetimizi t\u00fcm d\u00fcnyada sunuyoruz.<\/p><p>Siz \u00fcr\u00fcnlerin pazarlama ve geli\u015ftirme a\u015famalar\u0131n\u0131 y\u00f6netirken biz, beklentileriniz ve marka politikan\u0131z do\u011frultusunda i\u015finizin \u00fcretim k\u0131sm\u0131n\u0131 \u00fcstleniyoruz. \u00d6zel Markal\u0131 \u00dcr\u00fcn Deste\u011fi hizmetlerimiz sayesinde fabrika kurmak, i\u015f\u00e7i ve operasyonel ekip istihdam etmek gibi s\u00fcre\u00e7lerle ilgilenmenize gerek kalm\u0131yor. Markan\u0131za ait \u00fcr\u00fcnlerinizin istedi\u011finiz kalite, format ve zaman \u00e7er\u00e7evesinde haz\u0131rlanmas\u0131n\u0131n ard\u0131ndan m\u00fc\u015fterilerinizin memnuniyeti ve markan\u0131z\u0131n g\u00fcvenilirli\u011fi artarken \u00fcr\u00fcnlerinizin maliyetli \u00f6nemli oranda azal\u0131yor.<\/p><\/div>\n        \t\t<\/div>\n\t\t\t\t<\/div>\n\t\t\t\t\t\t<\/div>\n\t\t\t<\/div>\n\t\t<\/div>\n\t\t\t\t\t\t<\/div>\n\t\t\t<\/div>\n\t\t<\/section>\n\t\t\t\t\t\t<\/div>\n\t\t\t<\/div>\n\t\t<\/div>\n\t\t","protected":false},"excerpt":{"rendered":"<p>\u00d6zel Markal\u0131 \u00dcr\u00fcn Deste\u011fi modeliyle, \u00fcr\u00fcn ve hizmet a\u011f\u0131n\u0131 geni\u015fletmek isteyen \u015firketlerin ve kendi marka adlar\u0131yla \u00fcr\u00fcn tedarik etme ve satma fikirlerini ger\u00e7ekle\u015ftirmek isteyen giri\u015fimcilerin i\u015flerini kolayla\u015ft\u0131r\u0131yoruz. Kendi marka ad\u0131n\u0131zla kurmu\u015f oldu\u011funuz i\u015finizin \u00fcretim k\u0131sm\u0131n\u0131 k\u00fcresel bazda \u00fcstleniyoruz. Satmak istedi\u011finiz \u00fcr\u00fcnleri \u00fcretiyor, \u00fcr\u00fcnlerinizi kendi markan\u0131z alt\u0131nda sat\u0131\u015fa tam olarak haz\u0131r hale getiriyoruz. Ayr\u0131ca \u00d6zel Markal\u0131 &hellip; <span class=\"more-link-wrap\"><a href=\"https:\/\/www.directsellingexpo.org\/tr\/?page_id=2446\" class=\"more-link\">Read More <span class=\"screen-reader-text\"> &#8220;\u00d6ZEL MARKALI \u00dcR\u00dcN DESTE\u011e\u0130&#8221;<\/span><\/a><\/span><\/p>\n","protected":false},"author":8,"featured_media":0,"parent":0,"menu_order":0,"comment_status":"closed","ping_status":"closed","template":"","meta":[],"_links":{"self":[{"href":"https:\/\/www.directsellingexpo.org\/tr\/index.php?rest_route=\/wp\/v2\/pages\/2446"}],"collection":[{"href":"https:\/\/www.directsellingexpo.org\/tr\/index.php?rest_route=\/wp\/v2\/pages"}],"about":[{"href":"https:\/\/www.directsellingexpo.org\/tr\/index.php?rest_route=\/wp\/v2\/types\/page"}],"author":[{"embeddable":true,"href":"https:\/\/www.directsellingexpo.org\/tr\/index.php?rest_route=\/wp\/v2\/users\/8"}],"replies":[{"embeddable":true,"href":"https:\/\/www.directsellingexpo.org\/tr\/index.php?rest_route=%2Fwp%2Fv2%2Fcomments&post=2446"}],"version-history":[{"count":8,"href":"https:\/\/www.directsellingexpo.org\/tr\/index.php?rest_route=\/wp\/v2\/pages\/2446\/revisions"}],"predecessor-version":[{"id":2580,"href":"https:\/\/www.directsellingexpo.org\/tr\/index.php?rest_route=\/wp\/v2\/pages\/2446\/revisions\/2580"}],"wp:attachment":[{"href":"https:\/\/www.directsellingexpo.org\/tr\/index.php?rest_route=%2Fwp%2Fv2%2Fmedia&parent=2446"}],"curies":[{"name":"wp","href":"https:\/\/api.w.org\/{rel}","templated":true}]}}