{"id":2662,"date":"2022-04-28T16:25:24","date_gmt":"2022-04-28T13:25:24","guid":{"rendered":"https:\/\/www.directsellingexpo.org\/tr\/?page_id=2662"},"modified":"2022-04-28T16:25:59","modified_gmt":"2022-04-28T13:25:59","slug":"aydinlatma-metni","status":"publish","type":"page","link":"https:\/\/www.directsellingexpo.org\/tr\/?page_id=2662","title":{"rendered":"AYDINLATMA METN\u0130"},"content":{"rendered":"<p><span style=\"color: #ffffff;\"><strong>AYDINLATMA METN\u0130<\/strong><\/span><\/p>\n<p>&nbsp;<\/p>\n<p><span style=\"color: #ffffff;\">NAHSAN SIMSEK FOR PROJECT MANAGEMENT SERVICES (\u201cVeri sorumlusu\u201d, \u201cDirect Selling Expo\u201d) olarak; 6698 say\u0131l\u0131 Ki\u015fisel Verilerin Korunmas\u0131 Kanunu (\u201cKanun\u201d, \u201cKVKK\u201d) ve ilgili mevzuat uyar\u0131nca ki\u015fisel verilerinizi i\u015fliyor, ayn\u0131 zamanda kanunlarda \u00f6ng\u00f6r\u00fclen teknik ve idari tedbirleri alarak bu verilerinizin korunmas\u0131 i\u00e7in elimizden gelen t\u00fcm \u00e7abay\u0131 g\u00f6steriyoruz. Bu metin ile ki\u015fisel verilerinizin i\u015flenme s\u00fcre\u00e7leri hakk\u0131nda sizleri detayl\u0131ca bilgilendirmek istiyoruz.<\/span><\/p>\n<p>&nbsp;<\/p>\n<p><span style=\"color: #ffffff;\">Bu kapsamda, Direct Selling Expo, gerekli olan t\u00fcm teknik ve idari tedbirleri almak suretiyle ki\u015fisel verilerinizi; T\u00fcrkiye Cumhuriyeti Anayasas\u0131, \u00fclkemizin taraf oldu\u011fu uluslararas\u0131 s\u00f6zle\u015fmeler ve KVKK ba\u015fta olmak \u00fczere, ki\u015fisel verilerin korunmas\u0131 ile ilgili t\u00fcm mevzuat\u0131n \u00f6ng\u00f6rd\u00fc\u011f\u00fc s\u0131n\u0131rlar \u00e7er\u00e7evesinde, KVKK\u2019n\u0131n 4. maddesinde yer alan;<\/span><\/p>\n<p>&nbsp;<\/p>\n<p><span style=\"color: #ffffff;\">Hukuka ve d\u00fcr\u00fcstl\u00fck kurallar\u0131na uygun olma,<\/span><\/p>\n<p><span style=\"color: #ffffff;\">Do\u011fru ve gerekti\u011finde g\u00fcncel olma,<\/span><\/p>\n<p><span style=\"color: #ffffff;\">Belirli, a\u00e7\u0131k ve me\u015fru ama\u00e7lar i\u00e7in i\u015flenme,<\/span><\/p>\n<p><span style=\"color: #ffffff;\">\u0130\u015fleme ama\u00e7lar\u0131yla ba\u011flant\u0131l\u0131, s\u0131n\u0131rl\u0131 ve \u00f6l\u00e7\u00fcl\u00fc olma,<\/span><\/p>\n<p><span style=\"color: #ffffff;\">\u0130lgili mevzuatta \u00f6ng\u00f6r\u00fclen veya i\u015flendikleri ama\u00e7 i\u00e7in gerekli olan s\u00fcre kadar muhafaza edilme<\/span><\/p>\n<p><span style=\"color: #ffffff;\">ilkelerine uygun olarak i\u015fleyecektir.<\/span><\/p>\n<p>&nbsp;<\/p>\n<p><span style=\"color: #ffffff;\">1- K\u0130\u015e\u0130SEL VER\u0130LER\u0130N\u0130Z\u0130N \u0130\u015eLENME AMA\u00c7LARI<\/span><\/p>\n<p><span style=\"color: #ffffff;\"><a style=\"color: #ffffff;\" href=\"http:\/\/www.directsellingexpo.org\/\">www.directsellingexpo.org<\/a> internet sitesine \u00fcye olmadan ger\u00e7ekle\u015ftirece\u011finiz ziyaretiniz kapsam\u0131nda i\u015flenecek olan ki\u015fisel verileriniz;<\/span><\/p>\n<p>&nbsp;<\/p>\n<p><span style=\"color: #ffffff;\">\u2018Bize Yaz\u0131n\u2019 sekmesi arac\u0131l\u0131\u011f\u0131yla bizimle ileti\u015fime ge\u00e7meniz halinde, Kimlik verisi kategorisinde de\u011ferlendirilen; ad\u0131n\u0131z ve soyad\u0131n\u0131z, \u0130leti\u015fim verisi kategorisinde de\u011ferlendirilen; e-posta adresiniz ve Di\u011fer bilgiler kategorisinde de\u011ferlendirilen; konu ba\u015fl\u0131\u011f\u0131n\u0131z ve yorum i\u00e7eri\u011finiz, i\u015f s\u00fcre\u00e7lerinin iyile\u015ftirilmesine y\u00f6nelik \u00f6nerilerin al\u0131nmas\u0131 ve de\u011ferlendirilmesi, m\u00fc\u015fteri ili\u015fkileri y\u00f6netimi s\u00fcre\u00e7lerinin y\u00fcr\u00fct\u00fclmesi, ileti\u015fim faaliyetlerinin y\u00fcr\u00fct\u00fclmesi ve talep ve \u015fikayetlerin takibi do\u011frultusunda ziyaret\u00e7ilerimiz aras\u0131nda ad ve soyad\u0131n\u0131z ile ay\u0131rt edilebilmeniz, talepleriniz ve \u015fikayetleriniz ile ilgili konularda sizinle ileti\u015fime ge\u00e7ilebilmesi ile memnuniyetinizin sa\u011flanmas\u0131, \u015fikayet ve talepleriniz do\u011frultusunda sundu\u011fumuz hizmete ili\u015fkin i\u015f s\u00fcre\u00e7lerinin iyile\u015ftirilmesine y\u00f6nelik \u00f6nerilerin al\u0131nmas\u0131 ve de\u011ferlendirilmesi,<\/span><\/p>\n<p><span style=\"color: #ffffff;\">\u0130\u015flem g\u00fcvenli\u011fi verisi kategorisinde de\u011ferlendirilen; internet sitesi giri\u015f-\u00e7\u0131k\u0131\u015f saatiniz, IP adresiniz, faaliyetlerin ilgili mevzuata uygun y\u00fcr\u00fct\u00fclmesi do\u011frultusunda 5651 say\u0131l\u0131 \u0130nternet Ortam\u0131nda Yap\u0131lan Yay\u0131nlar\u0131n D\u00fczenlenmesi ve Bu Yay\u0131nlar Yoluyla \u0130\u015flenen Su\u00e7larla M\u00fccadele Edilmesi Hakk\u0131nda Kanun ve ilgili mevzuat\u0131nda a\u00e7\u0131k\u00e7a \u00f6ng\u00f6r\u00fcld\u00fc\u011f\u00fc \u00fczere trafik kay\u0131tlar\u0131n\u0131 tutma y\u00fck\u00fcml\u00fcl\u00fc\u011f\u00fcm\u00fcz\u00fcn yerine getirilebilmesi,<\/span><\/p>\n<p><span style=\"color: #ffffff;\">Pazarlama verisi kategorisinde de\u011ferlendirilen kulland\u0131\u011f\u0131m\u0131z \u00e7erezler vas\u0131tas\u0131yla elde etti\u011fimiz bilgileriniz, i\u015f s\u00fcre\u00e7lerinin iyile\u015ftirilmesine y\u00f6nelik \u00f6nerilerin al\u0131nmas\u0131 ve de\u011ferlendirilmesi, pazarlama analiz \u00e7al\u0131\u015fmalar\u0131n\u0131n y\u00fcr\u00fct\u00fclmesi, \u00fcr\u00fcn veya hizmet pazarlama s\u00fcre\u00e7lerinin y\u00fcr\u00fct\u00fclmesi do\u011frultusunda internet sitesinin daha etkili, kolay ve h\u0131zl\u0131 kullan\u0131lmas\u0131n\u0131n sa\u011flanmas\u0131, site hizmet ve faaliyetlerinin ihtiya\u00e7lar\u0131n\u0131z do\u011frultusunda ki\u015fiselle\u015ftirilmesi, internet kullan\u0131m\u0131n\u0131z s\u0131ras\u0131nda elde edilen bilgiler vas\u0131tas\u0131yla size daha uygun hizmet ve teklif sunabilmesinin sa\u011flanmas\u0131,<\/span><\/p>\n<p><span style=\"color: #ffffff;\">M\u00fc\u015fteri i\u015flem verisi kategorisinde de\u011ferlendirilen; i\u00e7erik arama ve sepete ekledi\u011finiz \u00fcr\u00fcn bilginiz, pazarlama analiz \u00e7al\u0131\u015fmalar\u0131n\u0131n y\u00fcr\u00fct\u00fclmesi, \u00fcr\u00fcn veya hizmet pazarlama s\u00fcre\u00e7lerinin y\u00fcr\u00fct\u00fclmesi do\u011frultusunda ilgi ve be\u011fenilerinize y\u00f6nelik olarak taraf\u0131n\u0131za yap\u0131lacak olan pazarlama faaliyetleri kapsam\u0131nda profilleme yap\u0131labilmesi, ilgi ve be\u011fenilerinize uygun olan \u00fcr\u00fcnlere ait indirim ve kampanyalar\u0131n taraf\u0131n\u0131za iletilebilmesi<\/span><\/p>\n<p><span style=\"color: #ffffff;\">ama\u00e7lar\u0131 ile i\u015flenecektir.<\/span><\/p>\n<p>&nbsp;<\/p>\n<p><span style=\"color: #ffffff;\">2- K\u0130\u015e\u0130SEL VER\u0130LER\u0130N\u0130Z\u0130N TOPLANMASININ Y\u00d6NTEM\u0130 VE HUKUK\u0130 SEBEB\u0130<\/span><\/p>\n<p><span style=\"color: #ffffff;\">Ki\u015fisel verileriniz; tamamen veya k\u0131smen otomatik olan yollarla,<\/span><\/p>\n<p>&nbsp;<\/p>\n<p><span style=\"color: #ffffff;\">Direct Selling Expo internet sitesini ziyaretiniz ile ve ziyaretiniz s\u0131ras\u0131nda ger\u00e7ekle\u015ftirdi\u011finiz i\u015flemler,<\/span><\/p>\n<p><span style=\"color: #ffffff;\">\u00c7erezler,<\/span><\/p>\n<p><span style=\"color: #ffffff;\">\u201cBize Yaz\u0131n\u201d b\u00f6l\u00fcm\u00fcnde bulunan formu doldurman\u0131z,<\/span><\/p>\n<p><span style=\"color: #ffffff;\">arac\u0131l\u0131\u011f\u0131yla toplanmaktad\u0131r. \u0130\u015flenme ama\u00e7lar\u0131 ve elde edilme y\u00f6ntemleri taraf\u0131n\u0131za sunulan ki\u015fisel verileriniz, KVKK\u2019n\u0131n 5. maddesinde belirtilen;<\/span><\/p>\n<p>&nbsp;<\/p>\n<p><span style=\"color: #ffffff;\">Direct Selling Expo\u2019nun hukuki y\u00fck\u00fcml\u00fcl\u00fc\u011f\u00fcn\u00fc yerine getirebilmesi i\u00e7in ki\u015fisel veri i\u015flemesinin zorunlu olmas\u0131,<\/span><\/p>\n<p><span style=\"color: #ffffff;\">Temel hak ve \u00f6zg\u00fcrl\u00fcklerinize zarar vermemek kayd\u0131yla, Direct Selling Expo\u2019nun me\u015fru menfaatleri i\u00e7in ki\u015fisel verilerinizi i\u015flemenin zorunlu olmas\u0131<\/span><\/p>\n<p><span style=\"color: #ffffff;\">hukuki sebebine dayan\u0131larak i\u015flenebilecektir.<\/span><\/p>\n<p>&nbsp;<\/p>\n<p><span style=\"color: #ffffff;\">3- K\u0130\u015e\u0130SEL VER\u0130LER\u0130N\u0130Z\u0130N AKTARILMASI<\/span><\/p>\n<p><span style=\"color: #ffffff;\">Ki\u015fisel verileriniz;<\/span><\/p>\n<p>&nbsp;<\/p>\n<p><span style=\"color: #ffffff;\">Avukatlar, denet\u00e7iler, vergi dan\u0131\u015fmanlar\u0131 ile dan\u0131\u015fmanl\u0131k ve hizmet ald\u0131\u011f\u0131m\u0131z di\u011fer \u00fc\u00e7\u00fcnc\u00fc ki\u015filere; i\u015f s\u00fcre\u00e7lerimizi hukuka ve me\u015fru menfaatlerimize uygun olarak y\u00fcr\u00fctebilmemiz, olas\u0131 bir yarg\u0131 s\u00fcrecinde savunma hakk\u0131m\u0131z\u0131 kullanabilmemiz,<\/span><\/p>\n<p><span style=\"color: #ffffff;\">Taraf\u0131n\u0131zca yetki verilmi\u015f olan vekil ve temsilcilerinize; hukuki y\u00fck\u00fcml\u00fcl\u00fcklerimizi yerine getirebilmemiz,<\/span><\/p>\n<p><span style=\"color: #ffffff;\">D\u00fczenleyici ve denetleyici kurumlar ile mahkeme ve icra m\u00fcd\u00fcrl\u00fckleri gibi sair resm\u00ee kurumlar ve ki\u015fisel verilerinizi talep etmeye yetkili olan di\u011fer kamu kurum veya kurulu\u015flar\u0131na; hukuki y\u00fck\u00fcml\u00fcl\u00fcklerimizi yerine getirebilmemiz,<\/span><\/p>\n<p><span style=\"color: #ffffff;\">Hizmet ald\u0131\u011f\u0131m\u0131z i\u015f ortaklar\u0131m\u0131z, ifa yard\u0131mc\u0131lar\u0131m\u0131za hizmetlerimizin geli\u015ftirilebilmesi, altyap\u0131 ve g\u00fcvenlik s\u00fcre\u00e7lerinin geli\u015ftirilebilmesi<\/span><\/p>\n<p><span style=\"color: #ffffff;\">ama\u00e7lar\u0131 ile KVKK\u2019n\u0131n 8. ve 9. maddelerinde belirtilen ki\u015fisel veri i\u015fleme \u015fartlar\u0131 ve ama\u00e7lar\u0131 \u00e7er\u00e7evesinde aktar\u0131labilecektir.<\/span><\/p>\n<p>&nbsp;<\/p>\n<p><span style=\"color: #ffffff;\">4- K\u0130\u015e\u0130SEL VER\u0130LER\u0130N\u0130Z\u0130N KORUNMASINA Y\u00d6NEL\u0130K HAKLARINIZ<\/span><\/p>\n<p><span style=\"color: #ffffff;\">Ki\u015fisel verilerinizle ilgili olarak;<\/span><\/p>\n<p>&nbsp;<\/p>\n<ol>\n<li><span style=\"color: #ffffff;\">Ki\u015fisel veri i\u015flenip i\u015flenmedi\u011fini \u00f6\u011frenme,<\/span><\/li>\n<li><span style=\"color: #ffffff;\">Ki\u015fisel verileri i\u015flenmi\u015fse buna ili\u015fkin bilgi talep etme,<\/span><\/li>\n<li><span style=\"color: #ffffff;\">Ki\u015fisel verilerin i\u015flenme amac\u0131n\u0131 ve bunlar\u0131n amac\u0131na uygun kullan\u0131l\u0131p kullan\u0131lmad\u0131\u011f\u0131n\u0131 \u00f6\u011frenme,<\/span><\/li>\n<\/ol>\n<p><span style=\"color: #ffffff;\">\u00e7. Yurt i\u00e7inde veya yurt d\u0131\u015f\u0131nda ki\u015fisel verilerin aktar\u0131ld\u0131\u011f\u0131 \u00fc\u00e7\u00fcnc\u00fc ki\u015fileri bilme,<\/span><\/p>\n<ol>\n<li><span style=\"color: #ffffff;\">Ki\u015fisel verilerin eksik veya yanl\u0131\u015f i\u015flenmi\u015f olmas\u0131 h\u00e2linde bunlar\u0131n d\u00fczeltilmesini isteme,<\/span><\/li>\n<li><span style=\"color: #ffffff;\">7.maddede \u00f6ng\u00f6r\u00fclen \u015fartlar \u00e7er\u00e7evesinde ki\u015fisel verilerin silinmesini veya yok edilmesini isteme,<\/span><\/li>\n<li><span style=\"color: #ffffff;\">(d) ve (e) bentleri uyar\u0131nca yap\u0131lan i\u015flemlerin, ki\u015fisel verilerin aktar\u0131ld\u0131\u011f\u0131 \u00fc\u00e7\u00fcnc\u00fc ki\u015filere bildirilmesini isteme,<\/span><\/li>\n<li><span style=\"color: #ffffff;\">\u0130\u015flenen verilerin m\u00fcnhas\u0131ran otomatik sistemler vas\u0131tas\u0131yla analiz edilmesi suretiyle ki\u015finin kendisi aleyhine bir sonucun ortaya \u00e7\u0131kmas\u0131na itiraz etme,<\/span><\/li>\n<\/ol>\n<p><span style=\"color: #ffffff;\">\u011f. Ki\u015fisel verilerin kanuna ayk\u0131r\u0131 olarak i\u015flenmesi sebebiyle zarara u\u011framas\u0131 h\u00e2linde zarar\u0131n giderilmesini talep etme<\/span><\/p>\n<p><span style=\"color: #ffffff;\">haklar\u0131na sahipsiniz.<\/span><\/p>\n<p>&nbsp;<\/p>\n<p><span style=\"color: #ffffff;\">Belirtilen haklar\u0131n\u0131z kapsam\u0131nda taleplerinizi, iadeli taahh\u00fctl\u00fc mektup arac\u0131l\u0131\u011f\u0131yla veya \u015fahsen veya noter arac\u0131l\u0131\u011f\u0131yla yaz\u0131l\u0131 olarak veya kay\u0131tl\u0131 elektronik posta (KEP) adresi, g\u00fcvenli elektronik imza, mobil imza ya da daha \u00f6nce bize bildirdi\u011finiz ve sistemimizde kay\u0131tl\u0131 bulunan elektronik posta adresiniz var ise elektronik posta adresinizi kullanmak suretiyle bize ula\u015farak iletebilirsiniz.<\/span><\/p>\n<p>&nbsp;<\/p>\n<p><span style=\"color: #ffffff;\">Ba\u015fvurunuz KVKK&#8217;da \u00f6ng\u00f6r\u00fclen ilgili h\u00fck\u00fcmler do\u011frultusunda cevapland\u0131r\u0131lacak olup ba\u015fvuru sahibinin, ilgili ki\u015fi oldu\u011funun teyit edilmesi amac\u0131yla Direct Selling Expo sizden baz\u0131 do\u011frulay\u0131c\u0131 bilgiler talep edebilecektir; bu bilgiler yaln\u0131zca ilgili ki\u015finin kimli\u011finin tespit edilmesi ve ba\u015fvuru sonu\u00e7lar\u0131n\u0131n do\u011fru ki\u015fiyle payla\u015f\u0131lmas\u0131 ad\u0131na talep edilecektir.<\/span><\/p>\n","protected":false},"excerpt":{"rendered":"<p>AYDINLATMA METN\u0130 &nbsp; NAHSAN SIMSEK FOR PROJECT MANAGEMENT SERVICES (\u201cVeri sorumlusu\u201d, \u201cDirect Selling Expo\u201d) olarak; 6698 say\u0131l\u0131 Ki\u015fisel Verilerin Korunmas\u0131 Kanunu (\u201cKanun\u201d, \u201cKVKK\u201d) ve ilgili mevzuat uyar\u0131nca ki\u015fisel verilerinizi i\u015fliyor, ayn\u0131 zamanda kanunlarda \u00f6ng\u00f6r\u00fclen teknik ve idari tedbirleri alarak bu verilerinizin korunmas\u0131 i\u00e7in elimizden gelen t\u00fcm \u00e7abay\u0131 g\u00f6steriyoruz. Bu metin ile ki\u015fisel verilerinizin i\u015flenme s\u00fcre\u00e7leri &hellip; <span class=\"more-link-wrap\"><a href=\"https:\/\/www.directsellingexpo.org\/tr\/?page_id=2662\" class=\"more-link\">Read More <span class=\"screen-reader-text\"> &#8220;AYDINLATMA METN\u0130&#8221;<\/span><\/a><\/span><\/p>\n","protected":false},"author":8,"featured_media":0,"parent":0,"menu_order":0,"comment_status":"closed","ping_status":"closed","template":"","meta":[],"_links":{"self":[{"href":"https:\/\/www.directsellingexpo.org\/tr\/index.php?rest_route=\/wp\/v2\/pages\/2662"}],"collection":[{"href":"https:\/\/www.directsellingexpo.org\/tr\/index.php?rest_route=\/wp\/v2\/pages"}],"about":[{"href":"https:\/\/www.directsellingexpo.org\/tr\/index.php?rest_route=\/wp\/v2\/types\/page"}],"author":[{"embeddable":true,"href":"https:\/\/www.directsellingexpo.org\/tr\/index.php?rest_route=\/wp\/v2\/users\/8"}],"replies":[{"embeddable":true,"href":"https:\/\/www.directsellingexpo.org\/tr\/index.php?rest_route=%2Fwp%2Fv2%2Fcomments&post=2662"}],"version-history":[{"count":3,"href":"https:\/\/www.directsellingexpo.org\/tr\/index.php?rest_route=\/wp\/v2\/pages\/2662\/revisions"}],"predecessor-version":[{"id":2670,"href":"https:\/\/www.directsellingexpo.org\/tr\/index.php?rest_route=\/wp\/v2\/pages\/2662\/revisions\/2670"}],"wp:attachment":[{"href":"https:\/\/www.directsellingexpo.org\/tr\/index.php?rest_route=%2Fwp%2Fv2%2Fmedia&parent=2662"}],"curies":[{"name":"wp","href":"https:\/\/api.w.org\/{rel}","templated":true}]}}